{"id":85,"date":"2015-12-22T09:25:44","date_gmt":"2015-12-22T09:25:44","guid":{"rendered":"http:\/\/ghizimontani.org\/wp\/?page_id=85"},"modified":"2025-06-10T09:11:22","modified_gmt":"2025-06-10T09:11:22","slug":"ghid-drumetie-lider-montan-international-iml","status":"publish","type":"page","link":"https:\/\/ghizimontani.org\/en\/formare-profesionala\/ghid-drumetie-lider-montan-international-iml\/","title":{"rendered":"International Mountain Leader"},"content":{"rendered":"<p>The Society of Mountain Guides and Leaders (SGLM) provides professional training services for the profession of International Mountain Leader.<\/p>\n<h6>What is an International Mountain Leader?<img decoding=\"async\" src=\"https:\/\/ghizimontani.org\/wp-content\/uploads\/2024\/06\/UIMLA-Logo-300-dpi-transparent-PNG-300x300.png\" alt=\"logo uimla sigla\" width=\"195\" height=\"195\" class=\"wp-image-4274 alignright\" srcset=\"https:\/\/ghizimontani.org\/wp-content\/uploads\/2024\/06\/UIMLA-Logo-300-dpi-transparent-PNG-300x300.png 300w, https:\/\/ghizimontani.org\/wp-content\/uploads\/2024\/06\/UIMLA-Logo-300-dpi-transparent-PNG-150x150.png 150w, https:\/\/ghizimontani.org\/wp-content\/uploads\/2024\/06\/UIMLA-Logo-300-dpi-transparent-PNG-768x768.png 768w, https:\/\/ghizimontani.org\/wp-content\/uploads\/2024\/06\/UIMLA-Logo-300-dpi-transparent-PNG.png 1024w\" sizes=\"(max-width: 195px) 100vw, 195px\" \/><\/h6>\n<blockquote><p>The International Guide for Hiking -<em>\"International Mountain Leader\" (IML) profession worldwide.<\/em>, trained in Romania by SGLM, is recognized and qualified to lead, teach, support, and instruct clients\u2014whether for a fee or as a volunteer\u2014in all mountain areas worldwide, in any season and at any altitude, up to the limit of permanent snow (glaciers).<\/p><\/blockquote>\n<p>Exceptions: Areas with permanent snow (glaciers) and terrains requiring technical mountaineering or climbing equipment for progression (mountaineering routes, rock climbing, via ferrata) are excluded.<\/p>\n<p>Glaciers may only be crossed occasionally along nationally or internationally recognized trekking routes that are maintained as such, where a rope and harness are not required for progression. <img fetchpriority=\"high\" decoding=\"async\" src=\"https:\/\/ghizimontani.org\/wp-content\/uploads\/2022\/08\/Autorizatie-curs-2022-2026_page-0001-212x300.jpg\" alt=\"\" class=\"size-medium wp-image-2845 alignright\" width=\"212\" height=\"300\" srcset=\"https:\/\/ghizimontani.org\/wp-content\/uploads\/2022\/08\/Autorizatie-curs-2022-2026_page-0001-212x300.jpg 212w, https:\/\/ghizimontani.org\/wp-content\/uploads\/2022\/08\/Autorizatie-curs-2022-2026_page-0001-725x1024.jpg 725w, https:\/\/ghizimontani.org\/wp-content\/uploads\/2022\/08\/Autorizatie-curs-2022-2026_page-0001-768x1085.jpg 768w, https:\/\/ghizimontani.org\/wp-content\/uploads\/2022\/08\/Autorizatie-curs-2022-2026_page-0001-1087x1536.jpg 1087w, https:\/\/ghizimontani.org\/wp-content\/uploads\/2022\/08\/Autorizatie-curs-2022-2026_page-0001.jpg 1242w\" sizes=\"(max-width: 212px) 100vw, 212px\" \/><\/p>\n<p><strong>Mountain Leader Competencies:<\/strong><\/p>\n<ul>\n<li>Summer mountain ascents on specially maintained trails (marked paths, cables, bridges, etc.);<\/li>\n<li>\u00a0Summer mountain ascents in unmarked terrain, including \"carpatism\" routes (alpine hiking) with exposure levels E0-E1;<\/li>\n<li>Winter ascents with or without snowshoes.<\/li>\n<\/ul>\n<p><strong>Excluded from Competencies:<\/strong><\/p>\n<ul>\n<li>Any form of skiing (ski touring, cross-country, or downhill);<\/li>\n<li>Any form of mountaineering (on snow, ice, or mixed terrain);<\/li>\n<li>Any form of rock climbing with technical equipment (climbing or via ferrata).<\/li>\n<\/ul>\n<p>In Romania, the profession is practiced according to national laws and the regulations of the host countries.<\/p>\n<p>According to Order no. 637\/2004:<\/p>\n<ul>\n<li><em>The mountain guide\/mountain leader is a specialized guide for mountain tourism services (Art. 2);<\/em><\/li>\n<li><em>Professional specialization is available only to those who already hold a Tourist Guide Qualification Certificate (Art. 8).<\/em><\/li>\n<\/ul>\n<p>To maintain the international IML authorization, the leader must be a member of a national association affiliated with UIMLA and periodically participate in a CPD (Continuous Professional Development) \/ Re-validation program. <a href=\"https:\/\/uimla.org\/about-us\/what-is-an-international-mountain-leader\/\" target=\"_blank\" rel=\"noopener\">UIMLA<\/a>.<\/p>\n<p>In Romania, the IML training, recognition, and CPD (re-validation) program is organized exclusively by the SGLM, the only professional organization in the country affiliated with UIMLA.<\/p>\n<h5 style=\"text-align: center;\"><strong>INTERNATIONAL PROFESSIONAL TRAINING COURSE<\/strong><\/h5>\n<p>The course is conducted in Romanian and is open to individuals residing in Romania or abroad who meet the following conditions:<\/p>\n<p><strong>Minimum Age:<\/strong><\/p>\n<ul>\n<li>21 years old at the time of the entrance exam.<\/li>\n<\/ul>\n<p><strong>Minimum Experience (Mountain Hiking):<\/strong><\/p>\n<ul>\n<li>5 years of mountain hiking experience;<\/li>\n<li>40 <a href=\"https:\/\/ghizimontani.org\/en\/ce-reprezinta-o-zi-de-calitate-pe-munte\/\">quality days<\/a>on various hiking routes in the Carpathians;<\/li>\n<li>15 <a href=\"https:\/\/ghizimontani.org\/en\/ce-reprezinta-o-zi-de-calitate-pe-munte\/\">quality days<\/a> on various hiking routes in mountains outside Romania;<\/li>\n<li>10 <a href=\"https:\/\/ghizimontani.org\/en\/ce-reprezinta-o-zi-de-calitate-pe-munte\/\">quality days<\/a> on various winter hiking routes in the Carpathians and\/or other mountain areas outside Romania<\/li>\n<\/ul>\n<p><strong>Physical Condition:<\/strong><\/p>\n<ul>\n<li>Ability to complete a hiking route of at least 6 hours with a 1,500m elevation gain, carrying an 8-10kg backpack;<\/li>\n<li>Minimum ascent rate of 500m elevation gain per hour with an 8-10kg backpack.<\/li>\n<\/ul>\n<p><strong>Enrollment<\/strong><\/p>\n<p>Participation is granted via an entrance exam to verify the minimum required competencies.<\/p>\n<p><strong>Registration requirements:<\/strong> la examenul de admitere se face:<\/p>\n<ul>\n<li>Completion and approval of the Mountain CV (standard form);<\/li>\n<li>Payment of the examination fee to the SGLM account.<\/li>\n<\/ul>\n<p><strong>The Entrance Exam (2 days):<\/strong> se desf\u0103\u0219oar\u0103 pe durata a dou\u0103 zile \u0219i cuprinde:<\/p>\n<p>1. Theoretical Component:<\/p>\n<ul>\n<li>Interview with the examination board<\/li>\n<li>A written test on general knowledge of the Romanian mountain environment (history, culture, flora, fauna, geography, etc.).<\/li>\n<\/ul>\n<p>2. Practical Component:<\/p>\n<ul>\n<li>Field test to verify physical abilities and technical skills in mountain terrain.<\/li>\n<\/ul>\n<p>Those who pass the entrance exam are considered admitted and can enroll in the professional training course.<\/p>\n<p>All those who do not pass the entrance exam are considered rejected, with the possibility of enrolling for the next entrance exam.<\/p>\n<p>Individuals who are unable to sustain the interview before the examination board, having included false information in their Mountain CV, are considered rejected, with the impossibility of enrolling and participating in the next three entrance exams.<\/p>\n<p><strong>Professional training course proceedings\u00a0<\/strong><\/p>\n<p>The professional training course takes place over a period of two or a maximum of four years. In exceptional situations (e.g., chronic illnesses, pregnant women, or the post-natal period), the completion of the course can be extended up to a maximum of six years.<\/p>\n<p>The course is designed to verify, consolidate, and correct the participants' existing knowledge, as well as to provide additional practical and theoretical information specific to the mountain leader profession.<\/p>\n<p>The course comprises two years of training and knowledge consolidation, both at national and international levels. One year of instruction is formed of several professional training modules.<\/p>\n<p>A module consists of 5-7 days of practical and theoretical activities in different mountain areas in Romania and Europe, with accommodation in tents, huts, or guesthouses, depending on the theme of the module.<\/p>\n<p><strong>National training<br \/>\n<\/strong><\/p>\n<p>The first part of the professional training for mountain leaders (International Mountain Leaders), the national training, is composed of 8 training modules and two evaluation modules in Romania. <img decoding=\"async\" src=\"https:\/\/ghizimontani.org\/wp-content\/uploads\/2022\/08\/4-300x225.jpg\" alt=\"ghid de drumetie curs formare\" class=\"size-medium wp-image-2742 alignright\" width=\"300\" height=\"225\" srcset=\"https:\/\/ghizimontani.org\/wp-content\/uploads\/2022\/08\/4-300x225.jpg 300w, https:\/\/ghizimontani.org\/wp-content\/uploads\/2022\/08\/4-1024x768.jpg 1024w, https:\/\/ghizimontani.org\/wp-content\/uploads\/2022\/08\/4-768x576.jpg 768w, https:\/\/ghizimontani.org\/wp-content\/uploads\/2022\/08\/4.jpg 1400w\" sizes=\"(max-width: 300px) 100vw, 300px\" \/><\/p>\n<p>Upon graduating from this section, the profession can be practiced on the territory of Romania.<\/p>\n<p>Each session includes several training modules with a break for knowledge consolidation (for practical application and sedimenting).<\/p>\n<p>The summer session is dedicated to professional training for mountain tours in the warm season:<\/p>\n<ul>\n<li>mountain movement on marked trails (mountain hiking).<\/li>\n<li>mountain movement in natural mountain terrain (off-trail);<\/li>\n<li>safety in rocky terrain (rock climbing\/carpatism);<\/li>\n<li>safety in aquatic zones (water torrents);<\/li>\n<\/ul>\n<p>The winter session is dedicated to training for winter mountain activities in the Carpathians:<\/p>\n<ul>\n<li>winter hiking (with snowshoes);<\/li>\n<li>safety on snow-covered mountain routes (classic alpinism);<\/li>\n<li>nivology;<\/li>\n<\/ul>\n<p><strong>International training<\/strong><\/p>\n<p>This is dedicated to international training, focused on the general specifics of the mountains in Europe, as well as the final evaluations (summer and winter).<\/p>\n<p><img loading=\"lazy\" decoding=\"async\" src=\"https:\/\/ghizimontani.org\/wp-content\/uploads\/2022\/08\/5-300x225.jpg\" alt=\"ghid de drumetie curs formare\" class=\"size-medium wp-image-2743 alignleft\" width=\"300\" height=\"225\" srcset=\"https:\/\/ghizimontani.org\/wp-content\/uploads\/2022\/08\/5-300x225.jpg 300w, https:\/\/ghizimontani.org\/wp-content\/uploads\/2022\/08\/5-1024x768.jpg 1024w, https:\/\/ghizimontani.org\/wp-content\/uploads\/2022\/08\/5-768x576.jpg 768w, https:\/\/ghizimontani.org\/wp-content\/uploads\/2022\/08\/5.jpg 1400w\" sizes=\"(max-width: 300px) 100vw, 300px\" \/>It is formed of two international practice modules, summer and winter, with international evaluation, in mountains outside Romania. External activities will be carried out in collaboration with professional associations from partner countries.<\/p>\n<p>At the end of this training period, upon graduation, the International Mountain Leader badge can be obtained.<\/p>\n<p>In case one of the exams is not passed, the final evaluation can be repeated after a period of knowledge consolidation.<\/p>\n<p>If one of the final exams is not passed even in the following year, after the knowledge consolidation period, the student will be removed from the IML training course with the possibility of re-enrollment.<\/p>\n<p><strong>Professional training course curriculum<br \/>\n<\/strong><\/p>\n<p>The course curriculum is developed based on the Romanian professional training standard and is directly correlated with the international professional training requirements of UIMLA.<\/p>\n<p>Periodically, the course curriculum will be modified and adapted according to changes in national and international requirements.<\/p>\n<p>During the professional training, the following subjects will be taught and discussed in detail:<\/p>\n<ul>\n<li>professional legal aspects at national and international level<\/li>\n<li>professional organization at national and international level<\/li>\n<li>economic aspects regarding mountain guiding activity in Romania<\/li>\n<li>safety in mountain terrain specific to IML (winter\/summer)<\/li>\n<li>nivology;<\/li>\n<li>mountain navigation (winter\/summer)<\/li>\n<li>outdoor first aid (winter\/summer)<\/li>\n<li>group management<\/li>\n<li>mountain pedagogy<\/li>\n<li>mountain environment (geography, ecology, economy, culture)<\/li>\n<li>ecotourism and adventure tourism in Romania<\/li>\n<li>human anatomy and physiology<\/li>\n<li>mountain meteorology<\/li>\n<li>mountain survival. Bivouac (summer\/winter)<\/li>\n<li>specific physical skills (summer\/winter)<\/li>\n<li>planning of mountain tours in the Carpathians<\/li>\n<li>organization of international tours in the mountains of Europe<\/li>\n<li>organization of international tours in areas outside Europe<\/li>\n<\/ul>\n<p>For additional information regarding the mountain hiking guide\/international mountain leader course, and the documentation required for enrollment, you can apply directly on our contact page. <a href=\"https:\/\/ghizimontani.org\/en\/contact-html\/\">contact<\/a>.<\/p>\n<div style=\"all: initial;\" class=\"notranslate\"><\/div>","protected":false},"excerpt":{"rendered":"<p>Societatea Ghizilor \u0219i Liderilor Montani ofer\u0103 servicii de formare profesional\u0103 pentru profesia de ghid interna\u021bional de drumetie montan\u0103. Ce este \u0219i ce face un ghid interna\u021bional de drumetie montan\u0103? Ghidul Interna\u021bional de Drumetie Montan\u0103 (International Mountain Leader), format \u00een Rom\u00e2nia de c\u0103tre Societatea Ghizilor \u0219i Liderilor Montani, este recunoscut \u0219i [&hellip;]<\/p>","protected":false},"author":3,"featured_media":2744,"parent":82,"menu_order":0,"comment_status":"closed","ping_status":"closed","template":"","meta":{"footnotes":""},"class_list":["post-85","page","type-page","status-publish","has-post-thumbnail","hentry"],"yoast_head":"<!-- This site is optimized with the Yoast SEO plugin v27.5 - https:\/\/yoast.com\/product\/yoast-seo-wordpress\/ -->\n<title>Ghid interna\u021bional de drumetie - Societatea Ghizilor \u0219i Liderilor Montani | UIMLA<\/title>\n<meta name=\"description\" content=\"Cursul de formare pentru profesia de ghid interna\u021bional de drumetie montan\u0103 (International Mountain Leader) desf\u0103\u0219urat de SGLM \u00een Rom\u00e2nia.\" \/>\n<meta name=\"robots\" content=\"index, follow, max-snippet:-1, max-image-preview:large, max-video-preview:-1\" \/>\n<link rel=\"canonical\" href=\"https:\/\/ghizimontani.org\/en\/formare-profesionala\/ghid-drumetie-lider-montan-international-iml\/\" \/>\n<meta property=\"og:locale\" content=\"en_GB\" \/>\n<meta property=\"og:type\" content=\"article\" \/>\n<meta property=\"og:title\" content=\"Ghid interna\u021bional de drumetie - Societatea Ghizilor \u0219i Liderilor Montani | UIMLA\" \/>\n<meta property=\"og:description\" content=\"Cursul de formare pentru profesia de ghid interna\u021bional de drumetie montan\u0103 (International Mountain Leader) desf\u0103\u0219urat de SGLM \u00een Rom\u00e2nia.\" \/>\n<meta property=\"og:url\" content=\"https:\/\/ghizimontani.org\/en\/formare-profesionala\/ghid-drumetie-lider-montan-international-iml\/\" \/>\n<meta property=\"og:site_name\" content=\"Societatea Ghizilor \u0219i Liderilor Montani | UIMLA\" \/>\n<meta property=\"article:publisher\" content=\"https:\/\/www.facebook.com\/Societatea-Ghizilor-i-Liderilor-Montani-225472330976954\" \/>\n<meta property=\"article:modified_time\" content=\"2025-06-10T09:11:22+00:00\" \/>\n<meta property=\"og:image\" content=\"https:\/\/ghizimontani.org\/wp-content\/uploads\/2022\/08\/20.jpg\" \/>\n\t<meta property=\"og:image:width\" content=\"1400\" \/>\n\t<meta property=\"og:image:height\" content=\"1050\" \/>\n\t<meta property=\"og:image:type\" content=\"image\/jpeg\" \/>\n<meta name=\"twitter:card\" content=\"summary_large_image\" \/>\n<meta name=\"twitter:label1\" content=\"Estimated reading time\" \/>\n\t<meta name=\"twitter:data1\" content=\"7 minutes\" \/>\n<script type=\"application\/ld+json\" class=\"yoast-schema-graph\">{\"@context\":\"https:\\\/\\\/schema.org\",\"@graph\":[{\"@type\":\"WebPage\",\"@id\":\"https:\\\/\\\/ghizimontani.org\\\/formare-profesionala\\\/ghid-drumetie-lider-montan-international-iml\\\/\",\"url\":\"https:\\\/\\\/ghizimontani.org\\\/formare-profesionala\\\/ghid-drumetie-lider-montan-international-iml\\\/\",\"name\":\"Ghid interna\u021bional de drumetie - Societatea Ghizilor \u0219i Liderilor Montani | UIMLA\",\"isPartOf\":{\"@id\":\"https:\\\/\\\/ghizimontani.org\\\/#website\"},\"primaryImageOfPage\":{\"@id\":\"https:\\\/\\\/ghizimontani.org\\\/formare-profesionala\\\/ghid-drumetie-lider-montan-international-iml\\\/#primaryimage\"},\"image\":{\"@id\":\"https:\\\/\\\/ghizimontani.org\\\/formare-profesionala\\\/ghid-drumetie-lider-montan-international-iml\\\/#primaryimage\"},\"thumbnailUrl\":\"https:\\\/\\\/ghizimontani.org\\\/wp-content\\\/uploads\\\/2022\\\/08\\\/20.jpg\",\"datePublished\":\"2015-12-22T09:25:44+00:00\",\"dateModified\":\"2025-06-10T09:11:22+00:00\",\"description\":\"Cursul de formare pentru profesia de ghid interna\u021bional de drumetie montan\u0103 (International Mountain Leader) desf\u0103\u0219urat de SGLM \u00een Rom\u00e2nia.\",\"breadcrumb\":{\"@id\":\"https:\\\/\\\/ghizimontani.org\\\/formare-profesionala\\\/ghid-drumetie-lider-montan-international-iml\\\/#breadcrumb\"},\"inLanguage\":\"en-GB\",\"potentialAction\":[{\"@type\":\"ReadAction\",\"target\":[\"https:\\\/\\\/ghizimontani.org\\\/formare-profesionala\\\/ghid-drumetie-lider-montan-international-iml\\\/\"]}]},{\"@type\":\"ImageObject\",\"inLanguage\":\"en-GB\",\"@id\":\"https:\\\/\\\/ghizimontani.org\\\/formare-profesionala\\\/ghid-drumetie-lider-montan-international-iml\\\/#primaryimage\",\"url\":\"https:\\\/\\\/ghizimontani.org\\\/wp-content\\\/uploads\\\/2022\\\/08\\\/20.jpg\",\"contentUrl\":\"https:\\\/\\\/ghizimontani.org\\\/wp-content\\\/uploads\\\/2022\\\/08\\\/20.jpg\",\"width\":1400,\"height\":1050,\"caption\":\"ghid de drumetie\"},{\"@type\":\"BreadcrumbList\",\"@id\":\"https:\\\/\\\/ghizimontani.org\\\/formare-profesionala\\\/ghid-drumetie-lider-montan-international-iml\\\/#breadcrumb\",\"itemListElement\":[{\"@type\":\"ListItem\",\"position\":1,\"name\":\"Home\",\"item\":\"https:\\\/\\\/ghizimontani.org\\\/\"},{\"@type\":\"ListItem\",\"position\":2,\"name\":\"Formare profesional\u0103\",\"item\":\"https:\\\/\\\/ghizimontani.org\\\/formare-profesionala\\\/\"},{\"@type\":\"ListItem\",\"position\":3,\"name\":\"Ghid interna\u021bional de drumetie\"}]},{\"@type\":\"WebSite\",\"@id\":\"https:\\\/\\\/ghizimontani.org\\\/#website\",\"url\":\"https:\\\/\\\/ghizimontani.org\\\/\",\"name\":\"Societatea Ghizilor \u0219i Liderilor Montani | UIMLA\",\"description\":\"Societatea Ghizilor \u0219i Liderilor Montani\",\"publisher\":{\"@id\":\"https:\\\/\\\/ghizimontani.org\\\/#organization\"},\"potentialAction\":[{\"@type\":\"SearchAction\",\"target\":{\"@type\":\"EntryPoint\",\"urlTemplate\":\"https:\\\/\\\/ghizimontani.org\\\/?s={search_term_string}\"},\"query-input\":{\"@type\":\"PropertyValueSpecification\",\"valueRequired\":true,\"valueName\":\"search_term_string\"}}],\"inLanguage\":\"en-GB\"},{\"@type\":\"Organization\",\"@id\":\"https:\\\/\\\/ghizimontani.org\\\/#organization\",\"name\":\"Societatea Ghizilor \u0219i Liderilor Montani\",\"url\":\"https:\\\/\\\/ghizimontani.org\\\/\",\"logo\":{\"@type\":\"ImageObject\",\"inLanguage\":\"en-GB\",\"@id\":\"https:\\\/\\\/ghizimontani.org\\\/#\\\/schema\\\/logo\\\/image\\\/\",\"url\":\"https:\\\/\\\/ghizimontani.org\\\/wp-content\\\/uploads\\\/2022\\\/06\\\/SGLM_transparent.png\",\"contentUrl\":\"https:\\\/\\\/ghizimontani.org\\\/wp-content\\\/uploads\\\/2022\\\/06\\\/SGLM_transparent.png\",\"width\":977,\"height\":766,\"caption\":\"Societatea Ghizilor \u0219i Liderilor Montani\"},\"image\":{\"@id\":\"https:\\\/\\\/ghizimontani.org\\\/#\\\/schema\\\/logo\\\/image\\\/\"},\"sameAs\":[\"https:\\\/\\\/www.facebook.com\\\/Societatea-Ghizilor-i-Liderilor-Montani-225472330976954\"]}]}<\/script>\n<!-- \/ Yoast SEO plugin. -->","yoast_head_json":{"title":"Ghid interna\u021bional de drumetie - Societatea Ghizilor \u0219i Liderilor Montani | UIMLA","description":"Cursul de formare pentru profesia de ghid interna\u021bional de drumetie montan\u0103 (International Mountain Leader) desf\u0103\u0219urat de SGLM \u00een Rom\u00e2nia.","robots":{"index":"index","follow":"follow","max-snippet":"max-snippet:-1","max-image-preview":"max-image-preview:large","max-video-preview":"max-video-preview:-1"},"canonical":"https:\/\/ghizimontani.org\/en\/formare-profesionala\/ghid-drumetie-lider-montan-international-iml\/","og_locale":"en_GB","og_type":"article","og_title":"Ghid interna\u021bional de drumetie - Societatea Ghizilor \u0219i Liderilor Montani | UIMLA","og_description":"Cursul de formare pentru profesia de ghid interna\u021bional de drumetie montan\u0103 (International Mountain Leader) desf\u0103\u0219urat de SGLM \u00een Rom\u00e2nia.","og_url":"https:\/\/ghizimontani.org\/en\/formare-profesionala\/ghid-drumetie-lider-montan-international-iml\/","og_site_name":"Societatea Ghizilor \u0219i Liderilor Montani | UIMLA","article_publisher":"https:\/\/www.facebook.com\/Societatea-Ghizilor-i-Liderilor-Montani-225472330976954","article_modified_time":"2025-06-10T09:11:22+00:00","og_image":[{"width":1400,"height":1050,"url":"https:\/\/ghizimontani.org\/wp-content\/uploads\/2022\/08\/20.jpg","type":"image\/jpeg"}],"twitter_card":"summary_large_image","twitter_misc":{"Estimated reading time":"7 minutes"},"schema":{"@context":"https:\/\/schema.org","@graph":[{"@type":"WebPage","@id":"https:\/\/ghizimontani.org\/formare-profesionala\/ghid-drumetie-lider-montan-international-iml\/","url":"https:\/\/ghizimontani.org\/formare-profesionala\/ghid-drumetie-lider-montan-international-iml\/","name":"Ghid interna\u021bional de drumetie - Societatea Ghizilor \u0219i Liderilor Montani | UIMLA","isPartOf":{"@id":"https:\/\/ghizimontani.org\/#website"},"primaryImageOfPage":{"@id":"https:\/\/ghizimontani.org\/formare-profesionala\/ghid-drumetie-lider-montan-international-iml\/#primaryimage"},"image":{"@id":"https:\/\/ghizimontani.org\/formare-profesionala\/ghid-drumetie-lider-montan-international-iml\/#primaryimage"},"thumbnailUrl":"https:\/\/ghizimontani.org\/wp-content\/uploads\/2022\/08\/20.jpg","datePublished":"2015-12-22T09:25:44+00:00","dateModified":"2025-06-10T09:11:22+00:00","description":"Cursul de formare pentru profesia de ghid interna\u021bional de drumetie montan\u0103 (International Mountain Leader) desf\u0103\u0219urat de SGLM \u00een Rom\u00e2nia.","breadcrumb":{"@id":"https:\/\/ghizimontani.org\/formare-profesionala\/ghid-drumetie-lider-montan-international-iml\/#breadcrumb"},"inLanguage":"en-GB","potentialAction":[{"@type":"ReadAction","target":["https:\/\/ghizimontani.org\/formare-profesionala\/ghid-drumetie-lider-montan-international-iml\/"]}]},{"@type":"ImageObject","inLanguage":"en-GB","@id":"https:\/\/ghizimontani.org\/formare-profesionala\/ghid-drumetie-lider-montan-international-iml\/#primaryimage","url":"https:\/\/ghizimontani.org\/wp-content\/uploads\/2022\/08\/20.jpg","contentUrl":"https:\/\/ghizimontani.org\/wp-content\/uploads\/2022\/08\/20.jpg","width":1400,"height":1050,"caption":"ghid de drumetie"},{"@type":"BreadcrumbList","@id":"https:\/\/ghizimontani.org\/formare-profesionala\/ghid-drumetie-lider-montan-international-iml\/#breadcrumb","itemListElement":[{"@type":"ListItem","position":1,"name":"Home","item":"https:\/\/ghizimontani.org\/"},{"@type":"ListItem","position":2,"name":"Formare profesional\u0103","item":"https:\/\/ghizimontani.org\/formare-profesionala\/"},{"@type":"ListItem","position":3,"name":"Ghid interna\u021bional de drumetie"}]},{"@type":"WebSite","@id":"https:\/\/ghizimontani.org\/#website","url":"https:\/\/ghizimontani.org\/","name":"The Society of Mountain Guides and Leaders | UIMLA","description":"The Society of Mountain Guides and Leaders (SGLM)","publisher":{"@id":"https:\/\/ghizimontani.org\/#organization"},"potentialAction":[{"@type":"SearchAction","target":{"@type":"EntryPoint","urlTemplate":"https:\/\/ghizimontani.org\/?s={search_term_string}"},"query-input":{"@type":"PropertyValueSpecification","valueRequired":true,"valueName":"search_term_string"}}],"inLanguage":"en-GB"},{"@type":"Organization","@id":"https:\/\/ghizimontani.org\/#organization","name":"The Society of Mountain Guides and Leaders (SGLM)","url":"https:\/\/ghizimontani.org\/","logo":{"@type":"ImageObject","inLanguage":"en-GB","@id":"https:\/\/ghizimontani.org\/#\/schema\/logo\/image\/","url":"https:\/\/ghizimontani.org\/wp-content\/uploads\/2022\/06\/SGLM_transparent.png","contentUrl":"https:\/\/ghizimontani.org\/wp-content\/uploads\/2022\/06\/SGLM_transparent.png","width":977,"height":766,"caption":"Societatea Ghizilor \u0219i Liderilor Montani"},"image":{"@id":"https:\/\/ghizimontani.org\/#\/schema\/logo\/image\/"},"sameAs":["https:\/\/www.facebook.com\/Societatea-Ghizilor-i-Liderilor-Montani-225472330976954"]}]}},"_links":{"self":[{"href":"https:\/\/ghizimontani.org\/en\/wp-json\/wp\/v2\/pages\/85","targetHints":{"allow":["GET"]}}],"collection":[{"href":"https:\/\/ghizimontani.org\/en\/wp-json\/wp\/v2\/pages"}],"about":[{"href":"https:\/\/ghizimontani.org\/en\/wp-json\/wp\/v2\/types\/page"}],"author":[{"embeddable":true,"href":"https:\/\/ghizimontani.org\/en\/wp-json\/wp\/v2\/users\/3"}],"replies":[{"embeddable":true,"href":"https:\/\/ghizimontani.org\/en\/wp-json\/wp\/v2\/comments?post=85"}],"version-history":[{"count":16,"href":"https:\/\/ghizimontani.org\/en\/wp-json\/wp\/v2\/pages\/85\/revisions"}],"predecessor-version":[{"id":5002,"href":"https:\/\/ghizimontani.org\/en\/wp-json\/wp\/v2\/pages\/85\/revisions\/5002"}],"up":[{"embeddable":true,"href":"https:\/\/ghizimontani.org\/en\/wp-json\/wp\/v2\/pages\/82"}],"wp:featuredmedia":[{"embeddable":true,"href":"https:\/\/ghizimontani.org\/en\/wp-json\/wp\/v2\/media\/2744"}],"wp:attachment":[{"href":"https:\/\/ghizimontani.org\/en\/wp-json\/wp\/v2\/media?parent=85"}],"curies":[{"name":"wp","href":"https:\/\/api.w.org\/{rel}","templated":true}]}}