{"id":776,"date":"2017-08-03T13:48:44","date_gmt":"2017-08-03T13:48:44","guid":{"rendered":"http:\/\/ghizimontani.org\/?page_id=776"},"modified":"2025-10-04T16:49:12","modified_gmt":"2025-10-04T16:49:12","slug":"despre-societatea-ghizilor","status":"publish","type":"page","link":"https:\/\/ghizimontani.org\/en\/sglm-in-romania\/despre-societatea-ghizilor\/","title":{"rendered":"About us"},"content":{"rendered":"<div data-elementor-type=\"wp-page\" data-elementor-id=\"776\" class=\"elementor elementor-776\">\n\t\t\t\t\t\t<section class=\"elementor-section elementor-top-section elementor-element elementor-element-ea59c10 elementor-section-boxed elementor-section-height-default elementor-section-height-default\" data-id=\"ea59c10\" data-element_type=\"section\" data-e-type=\"section\">\n\t\t\t\t\t\t<div class=\"elementor-container elementor-column-gap-default\">\n\t\t\t\t\t<div class=\"elementor-column elementor-col-100 elementor-top-column elementor-element elementor-element-9a6d739\" data-id=\"9a6d739\" data-element_type=\"column\" data-e-type=\"column\">\n\t\t\t<div class=\"elementor-widget-wrap elementor-element-populated\">\n\t\t\t\t\t\t<div class=\"elementor-element elementor-element-4efef48 elementor-widget elementor-widget-text-editor\" data-id=\"4efef48\" data-element_type=\"widget\" data-e-type=\"widget\" data-widget_type=\"text-editor.default\">\n\t\t\t\t<div class=\"elementor-widget-container\">\n\t\t\t\t\t\t\t\t\t<p><strong>The Society of Mountain Guides and Leaders<\/strong> The \"Carpa\u021bi\" Society of Mountain Guides and Leaders (SGLM) was informally established in 2010, on the initiative of several professionally active mountain guides (<a href=\"http:\/\/ghizimontani.org\/en\/sglm-in-romania\/registrul-membrilor\/marian-anghel\/\" target=\"_blank\" rel=\"noopener\">Marian Anghel<\/a>, Adrian Gl\u0103van, Gheorghe Co\u0219a), who felt the need to develop and refine the mountain guiding profession in Romania, in accordance with current international requirements.<\/p><p>Subsequently, the initial group was joined by other mountain guides interested in raising the Romanian professional standard (<a href=\"http:\/\/ghizimontani.org\/en\/sglm-in-romania\/registrul-membrilor\/panescu-iulian-membru-activ\/\" target=\"_blank\" rel=\"noopener\">Iulian P\u0103nescu<\/a>, Octavia Codru), the Society of Mountain Guides obtaining the legal status required for international affiliation.<\/p><p>The Society of Mountain Guides and Leaders has its registered office in Sibiu (<em>SGLM Center<\/em>) and two other regional offices in Banat \u2013 Timi\u0219oara (<em>SGLM West<\/em>) and Bucovina \u2013 Suceava (<em>SGLM East<\/em>).<\/p><p>The Society of Mountain Guides and Leaders is the first professional association of mountain guides and leaders in Romania to be internationally recognised, being affiliated with <a href=\"http:\/\/www.uimla.org\/cms\/\" target=\"_blank\" rel=\"noopener\">Union of International Mountain Leaders Associations<\/a> (UIMLA) from 2013. <strong>In 2017, the Society of Mountain Guides became a full member of UIMLA.<\/strong><\/p>\t\t\t\t\t\t\t\t<\/div>\n\t\t\t\t<\/div>\n\t\t\t\t\t<\/div>\n\t\t<\/div>\n\t\t\t\t\t<\/div>\n\t\t<\/section>\n\t\t\t\t<section class=\"elementor-section elementor-top-section elementor-element elementor-element-e9be9ae elementor-section-boxed elementor-section-height-default elementor-section-height-default\" data-id=\"e9be9ae\" data-element_type=\"section\" data-e-type=\"section\">\n\t\t\t\t\t\t<div class=\"elementor-container elementor-column-gap-default\">\n\t\t\t\t\t<div class=\"elementor-column elementor-col-100 elementor-top-column elementor-element elementor-element-6ab7c79\" data-id=\"6ab7c79\" data-element_type=\"column\" data-e-type=\"column\">\n\t\t\t<div class=\"elementor-widget-wrap elementor-element-populated\">\n\t\t\t\t\t\t<div class=\"elementor-element elementor-element-db7f4d7 elementor-widget elementor-widget-image\" data-id=\"db7f4d7\" data-element_type=\"widget\" data-e-type=\"widget\" data-widget_type=\"image.default\">\n\t\t\t\t<div class=\"elementor-widget-container\">\n\t\t\t\t\t\t\t\t\t\t\t\t\t\t\t<img decoding=\"async\" src=\"https:\/\/ghizimontani.org\/wp-content\/uploads\/2017\/09\/DSC_0183-1024x680.jpg\" title=\"\" alt=\"societatea ghizilor\" loading=\"lazy\" \/>\t\t\t\t\t\t\t\t\t\t\t\t\t\t\t<\/div>\n\t\t\t\t<\/div>\n\t\t\t\t\t<\/div>\n\t\t<\/div>\n\t\t\t\t\t<\/div>\n\t\t<\/section>\n\t\t\t\t<section class=\"elementor-section elementor-top-section elementor-element elementor-element-ab536ed elementor-section-boxed elementor-section-height-default elementor-section-height-default\" data-id=\"ab536ed\" data-element_type=\"section\" data-e-type=\"section\">\n\t\t\t\t\t\t<div class=\"elementor-container elementor-column-gap-default\">\n\t\t\t\t\t<div class=\"elementor-column elementor-col-100 elementor-top-column elementor-element elementor-element-eac0bcf\" data-id=\"eac0bcf\" data-element_type=\"column\" data-e-type=\"column\">\n\t\t\t<div class=\"elementor-widget-wrap elementor-element-populated\">\n\t\t\t\t\t\t<div class=\"elementor-element elementor-element-67abaca elementor-widget elementor-widget-text-editor\" data-id=\"67abaca\" data-element_type=\"widget\" data-e-type=\"widget\" data-widget_type=\"text-editor.default\">\n\t\t\t\t<div class=\"elementor-widget-container\">\n\t\t\t\t\t\t\t\t\t<p>The Society of Mountain Guides and Leaders offers <a href=\"https:\/\/ghizimontani.org\/en\/formare-profesionala\/ghid-drumetie-lider-montan-international-iml\/\">professional training courses<\/a> authorised in Romania.<\/p><p>In 2022, through the efforts of the Society of Mountain Guides, the profession of <strong>mountain hiking guide<\/strong> officially reappeared in Romania, through the adoption of a new professional training standard.<\/p><p>The Society of Mountain Guides and Leaders has professionally trained several cohorts of international mountain leaders (<strong>International Mountain Leaders<\/strong>, International Mountain Leaders), currently reaching over 30 <a href=\"https:\/\/ghizimontani.org\/en\/sglm-in-romania\/registrul-membrilor\/\">members<\/a>.<\/p><p>In November 2019, the UIMLA international congress \u2013 Union of International Mountain Leader Associations \u2013 gathering 22 countries from around the world, was organised in Romania, in Bra\u0219ov.<\/p>\t\t\t\t\t\t\t\t<\/div>\n\t\t\t\t<\/div>\n\t\t\t\t\t<\/div>\n\t\t<\/div>\n\t\t\t\t\t<\/div>\n\t\t<\/section>\n\t\t\t\t<section class=\"elementor-section elementor-top-section elementor-element elementor-element-6b206b9 elementor-section-boxed elementor-section-height-default elementor-section-height-default\" data-id=\"6b206b9\" data-element_type=\"section\" data-e-type=\"section\">\n\t\t\t\t\t\t<div class=\"elementor-container elementor-column-gap-default\">\n\t\t\t\t\t<div class=\"elementor-column elementor-col-50 elementor-top-column elementor-element elementor-element-33b5ecb\" data-id=\"33b5ecb\" data-element_type=\"column\" data-e-type=\"column\">\n\t\t\t<div class=\"elementor-widget-wrap elementor-element-populated\">\n\t\t\t\t\t\t<div class=\"elementor-element elementor-element-9e968e0 elementor-widget elementor-widget-image\" data-id=\"9e968e0\" data-element_type=\"widget\" data-e-type=\"widget\" data-widget_type=\"image.default\">\n\t\t\t\t<div class=\"elementor-widget-container\">\n\t\t\t\t\t\t\t\t\t\t\t\t\t\t\t<img decoding=\"async\" src=\"https:\/\/ghizimontani.org\/wp-content\/uploads\/2019\/10\/IMG_1756-1024x635.jpg\" title=\"\" alt=\"societatea ghizilor\" loading=\"lazy\" \/>\t\t\t\t\t\t\t\t\t\t\t\t\t\t\t<\/div>\n\t\t\t\t<\/div>\n\t\t\t\t\t<\/div>\n\t\t<\/div>\n\t\t\t\t<div class=\"elementor-column elementor-col-50 elementor-top-column elementor-element elementor-element-b60c0bd\" data-id=\"b60c0bd\" data-element_type=\"column\" data-e-type=\"column\">\n\t\t\t<div class=\"elementor-widget-wrap elementor-element-populated\">\n\t\t\t\t\t\t<div class=\"elementor-element elementor-element-0b0b4ff elementor-widget elementor-widget-image\" data-id=\"0b0b4ff\" data-element_type=\"widget\" data-e-type=\"widget\" data-widget_type=\"image.default\">\n\t\t\t\t<div class=\"elementor-widget-container\">\n\t\t\t\t\t\t\t\t\t\t\t\t\t\t\t<img fetchpriority=\"high\" decoding=\"async\" width=\"750\" height=\"407\" src=\"https:\/\/ghizimontani.org\/wp-content\/uploads\/2022\/07\/DSC06358-01-e1759596449125-1024x556.jpeg\" class=\"attachment-large size-large wp-image-2232\" alt=\"lideri montani internationali\" srcset=\"https:\/\/ghizimontani.org\/wp-content\/uploads\/2022\/07\/DSC06358-01-e1759596449125-1024x556.jpeg 1024w, https:\/\/ghizimontani.org\/wp-content\/uploads\/2022\/07\/DSC06358-01-e1759596449125-300x163.jpeg 300w, https:\/\/ghizimontani.org\/wp-content\/uploads\/2022\/07\/DSC06358-01-e1759596449125-768x417.jpeg 768w, https:\/\/ghizimontani.org\/wp-content\/uploads\/2022\/07\/DSC06358-01-e1759596449125.jpeg 1137w\" sizes=\"(max-width: 750px) 100vw, 750px\" \/>\t\t\t\t\t\t\t\t\t\t\t\t\t\t\t<\/div>\n\t\t\t\t<\/div>\n\t\t\t\t\t<\/div>\n\t\t<\/div>\n\t\t\t\t\t<\/div>\n\t\t<\/section>\n\t\t\t\t<section class=\"elementor-section elementor-top-section elementor-element elementor-element-22933a4 elementor-section-boxed elementor-section-height-default elementor-section-height-default\" data-id=\"22933a4\" data-element_type=\"section\" data-e-type=\"section\">\n\t\t\t\t\t\t<div class=\"elementor-container elementor-column-gap-default\">\n\t\t\t\t\t<div class=\"elementor-column elementor-col-100 elementor-top-column elementor-element elementor-element-22371d1\" data-id=\"22371d1\" data-element_type=\"column\" data-e-type=\"column\">\n\t\t\t<div class=\"elementor-widget-wrap elementor-element-populated\">\n\t\t\t\t\t\t<div class=\"elementor-element elementor-element-509c456 elementor-widget elementor-widget-text-editor\" data-id=\"509c456\" data-element_type=\"widget\" data-e-type=\"widget\" data-widget_type=\"text-editor.default\">\n\t\t\t\t<div class=\"elementor-widget-container\">\n\t\t\t\t\t\t\t\t\t<p><a href=\"https:\/\/uimla.org\/\" target=\"_blank\" rel=\"noopener\">UIMLA<\/a> is the professional organisation that regulates at European and world level the profession of <em>\"International Mountain Leader\" (IML) profession worldwide.<\/em> (IML), International Mountain Leader. This is a person recognised and qualified to lead, teach, support and instruct their clients, for a fee or as a volunteer, in all mountain areas of the world, regardless of the season and altitude, up to the limit of permanent snow (glaciers); mountain areas with permanent snow (glaciers) are excluded, as well as areas where technical mountaineering or climbing equipment is required for progress.<\/p><p>At national level, the Society of Mountain Guides and Leaders is a member of <a href=\"http:\/\/www.asociatiaaer.ro\/\" target=\"_blank\" rel=\"noopener\">Association of Ecotourism in Romania<\/a> (AER) and collaborates directly with:<\/p><ul><li><a href=\"http:\/\/ariiprotejate.eu\/\" target=\"_blank\" rel=\"noopener\">Association of Administrations of Natural Protected Areas in Romania<\/a> (AAANPR);<\/li><li><a href=\"http:\/\/smurd.ro\/\" target=\"_blank\" rel=\"noopener\">Mobile Emergency Service for Resuscitation and Extrication<\/a> (SMURD);<\/li><li><a href=\"http:\/\/www.jandarmiimontanisinaia.ro\/\" target=\"_blank\" rel=\"noopener\">Mountain Gendarmerie <\/a>in Romania<\/li><li><a href=\"http:\/\/www.salvamontromania.ro\/\" target=\"_blank\" rel=\"noopener\">National Association of Mountain Rescuers in Romania<\/a> (ANSMR)<\/li><\/ul>\t\t\t\t\t\t\t\t<\/div>\n\t\t\t\t<\/div>\n\t\t\t\t\t<\/div>\n\t\t<\/div>\n\t\t\t\t\t<\/div>\n\t\t<\/section>\n\t\t\t\t<\/div>","protected":false},"excerpt":{"rendered":"<p>Societatea Ghizilor si Liderilor Montani (SGLM) \u201dCarpa\u021bi\u201d s-a \u00eenfiin\u021bat informal \u00een 2010, din ini\u021biativa mai multor ghizi montani activi profesional (Marian Anghel, Adrian Gl\u0103van, Gheorghe Co\u0219a), care au sim\u021bit nevoia dezvolt\u0103rii \u0219i perfec\u021bion\u0103rii profesiei de ghid montan \u00een Rom\u00e2nia, conform cerin\u021belor interna\u021bionale din prezent. Ulterior, grupului ini\u021bial s-au al\u0103turat \u0219i [&hellip;]<\/p>","protected":false},"author":3,"featured_media":2737,"parent":37,"menu_order":0,"comment_status":"closed","ping_status":"closed","template":"","meta":{"footnotes":""},"class_list":["post-776","page","type-page","status-publish","has-post-thumbnail","hentry"],"yoast_head":"<!-- This site is optimized with the Yoast SEO plugin v27.5 - https:\/\/yoast.com\/product\/yoast-seo-wordpress\/ -->\n<title>Despre noi - Societatea Ghizilor \u0219i Liderilor Montani | UIMLA<\/title>\n<meta name=\"description\" content=\"Despre Societatea Ghizilor si Liderilor Montani, asocia\u021bie profesional\u0103 rom\u00e2n\u0103 afiliat\u0103 interna\u021bional \u00een cadrul UIMLA.\" \/>\n<meta name=\"robots\" content=\"index, follow, max-snippet:-1, max-image-preview:large, max-video-preview:-1\" \/>\n<link rel=\"canonical\" href=\"https:\/\/ghizimontani.org\/en\/sglm-in-romania\/despre-societatea-ghizilor\/\" \/>\n<meta property=\"og:locale\" content=\"en_GB\" \/>\n<meta property=\"og:type\" content=\"article\" \/>\n<meta property=\"og:title\" content=\"Despre noi - Societatea Ghizilor \u0219i Liderilor Montani | UIMLA\" \/>\n<meta property=\"og:description\" content=\"Despre Societatea Ghizilor si Liderilor Montani, asocia\u021bie profesional\u0103 rom\u00e2n\u0103 afiliat\u0103 interna\u021bional \u00een cadrul UIMLA.\" \/>\n<meta property=\"og:url\" content=\"https:\/\/ghizimontani.org\/en\/sglm-in-romania\/despre-societatea-ghizilor\/\" \/>\n<meta property=\"og:site_name\" content=\"Societatea Ghizilor \u0219i Liderilor Montani | UIMLA\" \/>\n<meta property=\"article:publisher\" content=\"https:\/\/www.facebook.com\/Societatea-Ghizilor-i-Liderilor-Montani-225472330976954\" \/>\n<meta property=\"article:modified_time\" content=\"2025-10-04T16:49:12+00:00\" \/>\n<meta property=\"og:image\" content=\"https:\/\/ghizimontani.org\/wp-content\/uploads\/2022\/08\/Absolvire-Curs-Lider-Montan-International-304-e1759596547597.jpg\" \/>\n\t<meta property=\"og:image:width\" content=\"1117\" \/>\n\t<meta property=\"og:image:height\" content=\"704\" \/>\n\t<meta property=\"og:image:type\" content=\"image\/jpeg\" \/>\n<meta name=\"twitter:card\" content=\"summary_large_image\" \/>\n<meta name=\"twitter:label1\" content=\"Estimated reading time\" \/>\n\t<meta name=\"twitter:data1\" content=\"3 minutes\" \/>\n<script type=\"application\/ld+json\" class=\"yoast-schema-graph\">{\"@context\":\"https:\\\/\\\/schema.org\",\"@graph\":[{\"@type\":\"WebPage\",\"@id\":\"https:\\\/\\\/ghizimontani.org\\\/sglm-in-romania\\\/despre-societatea-ghizilor\\\/\",\"url\":\"https:\\\/\\\/ghizimontani.org\\\/sglm-in-romania\\\/despre-societatea-ghizilor\\\/\",\"name\":\"Despre noi - Societatea Ghizilor \u0219i Liderilor Montani | UIMLA\",\"isPartOf\":{\"@id\":\"https:\\\/\\\/ghizimontani.org\\\/#website\"},\"primaryImageOfPage\":{\"@id\":\"https:\\\/\\\/ghizimontani.org\\\/sglm-in-romania\\\/despre-societatea-ghizilor\\\/#primaryimage\"},\"image\":{\"@id\":\"https:\\\/\\\/ghizimontani.org\\\/sglm-in-romania\\\/despre-societatea-ghizilor\\\/#primaryimage\"},\"thumbnailUrl\":\"https:\\\/\\\/ghizimontani.org\\\/wp-content\\\/uploads\\\/2022\\\/08\\\/Absolvire-Curs-Lider-Montan-International-304-e1759596547597.jpg\",\"datePublished\":\"2017-08-03T13:48:44+00:00\",\"dateModified\":\"2025-10-04T16:49:12+00:00\",\"description\":\"Despre Societatea Ghizilor si Liderilor Montani, asocia\u021bie profesional\u0103 rom\u00e2n\u0103 afiliat\u0103 interna\u021bional \u00een cadrul UIMLA.\",\"breadcrumb\":{\"@id\":\"https:\\\/\\\/ghizimontani.org\\\/sglm-in-romania\\\/despre-societatea-ghizilor\\\/#breadcrumb\"},\"inLanguage\":\"en-GB\",\"potentialAction\":[{\"@type\":\"ReadAction\",\"target\":[\"https:\\\/\\\/ghizimontani.org\\\/sglm-in-romania\\\/despre-societatea-ghizilor\\\/\"]}]},{\"@type\":\"ImageObject\",\"inLanguage\":\"en-GB\",\"@id\":\"https:\\\/\\\/ghizimontani.org\\\/sglm-in-romania\\\/despre-societatea-ghizilor\\\/#primaryimage\",\"url\":\"https:\\\/\\\/ghizimontani.org\\\/wp-content\\\/uploads\\\/2022\\\/08\\\/Absolvire-Curs-Lider-Montan-International-304-e1759596547597.jpg\",\"contentUrl\":\"https:\\\/\\\/ghizimontani.org\\\/wp-content\\\/uploads\\\/2022\\\/08\\\/Absolvire-Curs-Lider-Montan-International-304-e1759596547597.jpg\",\"width\":1117,\"height\":704,\"caption\":\"societatea ghizilor\"},{\"@type\":\"BreadcrumbList\",\"@id\":\"https:\\\/\\\/ghizimontani.org\\\/sglm-in-romania\\\/despre-societatea-ghizilor\\\/#breadcrumb\",\"itemListElement\":[{\"@type\":\"ListItem\",\"position\":1,\"name\":\"Home\",\"item\":\"https:\\\/\\\/ghizimontani.org\\\/\"},{\"@type\":\"ListItem\",\"position\":2,\"name\":\"SGLM \u00een Romania\",\"item\":\"https:\\\/\\\/ghizimontani.org\\\/sglm-in-romania\\\/\"},{\"@type\":\"ListItem\",\"position\":3,\"name\":\"Despre noi\"}]},{\"@type\":\"WebSite\",\"@id\":\"https:\\\/\\\/ghizimontani.org\\\/#website\",\"url\":\"https:\\\/\\\/ghizimontani.org\\\/\",\"name\":\"Societatea Ghizilor \u0219i Liderilor Montani | UIMLA\",\"description\":\"Societatea Ghizilor \u0219i Liderilor Montani\",\"publisher\":{\"@id\":\"https:\\\/\\\/ghizimontani.org\\\/#organization\"},\"potentialAction\":[{\"@type\":\"SearchAction\",\"target\":{\"@type\":\"EntryPoint\",\"urlTemplate\":\"https:\\\/\\\/ghizimontani.org\\\/?s={search_term_string}\"},\"query-input\":{\"@type\":\"PropertyValueSpecification\",\"valueRequired\":true,\"valueName\":\"search_term_string\"}}],\"inLanguage\":\"en-GB\"},{\"@type\":\"Organization\",\"@id\":\"https:\\\/\\\/ghizimontani.org\\\/#organization\",\"name\":\"Societatea Ghizilor \u0219i Liderilor Montani\",\"url\":\"https:\\\/\\\/ghizimontani.org\\\/\",\"logo\":{\"@type\":\"ImageObject\",\"inLanguage\":\"en-GB\",\"@id\":\"https:\\\/\\\/ghizimontani.org\\\/#\\\/schema\\\/logo\\\/image\\\/\",\"url\":\"https:\\\/\\\/ghizimontani.org\\\/wp-content\\\/uploads\\\/2022\\\/06\\\/SGLM_transparent.png\",\"contentUrl\":\"https:\\\/\\\/ghizimontani.org\\\/wp-content\\\/uploads\\\/2022\\\/06\\\/SGLM_transparent.png\",\"width\":977,\"height\":766,\"caption\":\"Societatea Ghizilor \u0219i Liderilor Montani\"},\"image\":{\"@id\":\"https:\\\/\\\/ghizimontani.org\\\/#\\\/schema\\\/logo\\\/image\\\/\"},\"sameAs\":[\"https:\\\/\\\/www.facebook.com\\\/Societatea-Ghizilor-i-Liderilor-Montani-225472330976954\"]}]}<\/script>\n<!-- \/ Yoast SEO plugin. -->","yoast_head_json":{"title":"Despre noi - Societatea Ghizilor \u0219i Liderilor Montani | UIMLA","description":"Despre Societatea Ghizilor si Liderilor Montani, asocia\u021bie profesional\u0103 rom\u00e2n\u0103 afiliat\u0103 interna\u021bional \u00een cadrul UIMLA.","robots":{"index":"index","follow":"follow","max-snippet":"max-snippet:-1","max-image-preview":"max-image-preview:large","max-video-preview":"max-video-preview:-1"},"canonical":"https:\/\/ghizimontani.org\/en\/sglm-in-romania\/despre-societatea-ghizilor\/","og_locale":"en_GB","og_type":"article","og_title":"Despre noi - Societatea Ghizilor \u0219i Liderilor Montani | UIMLA","og_description":"Despre Societatea Ghizilor si Liderilor Montani, asocia\u021bie profesional\u0103 rom\u00e2n\u0103 afiliat\u0103 interna\u021bional \u00een cadrul UIMLA.","og_url":"https:\/\/ghizimontani.org\/en\/sglm-in-romania\/despre-societatea-ghizilor\/","og_site_name":"Societatea Ghizilor \u0219i Liderilor Montani | UIMLA","article_publisher":"https:\/\/www.facebook.com\/Societatea-Ghizilor-i-Liderilor-Montani-225472330976954","article_modified_time":"2025-10-04T16:49:12+00:00","og_image":[{"width":1117,"height":704,"url":"https:\/\/ghizimontani.org\/wp-content\/uploads\/2022\/08\/Absolvire-Curs-Lider-Montan-International-304-e1759596547597.jpg","type":"image\/jpeg"}],"twitter_card":"summary_large_image","twitter_misc":{"Estimated reading time":"3 minutes"},"schema":{"@context":"https:\/\/schema.org","@graph":[{"@type":"WebPage","@id":"https:\/\/ghizimontani.org\/sglm-in-romania\/despre-societatea-ghizilor\/","url":"https:\/\/ghizimontani.org\/sglm-in-romania\/despre-societatea-ghizilor\/","name":"Despre noi - Societatea Ghizilor \u0219i Liderilor Montani | UIMLA","isPartOf":{"@id":"https:\/\/ghizimontani.org\/#website"},"primaryImageOfPage":{"@id":"https:\/\/ghizimontani.org\/sglm-in-romania\/despre-societatea-ghizilor\/#primaryimage"},"image":{"@id":"https:\/\/ghizimontani.org\/sglm-in-romania\/despre-societatea-ghizilor\/#primaryimage"},"thumbnailUrl":"https:\/\/ghizimontani.org\/wp-content\/uploads\/2022\/08\/Absolvire-Curs-Lider-Montan-International-304-e1759596547597.jpg","datePublished":"2017-08-03T13:48:44+00:00","dateModified":"2025-10-04T16:49:12+00:00","description":"Despre Societatea Ghizilor si Liderilor Montani, asocia\u021bie profesional\u0103 rom\u00e2n\u0103 afiliat\u0103 interna\u021bional \u00een cadrul UIMLA.","breadcrumb":{"@id":"https:\/\/ghizimontani.org\/sglm-in-romania\/despre-societatea-ghizilor\/#breadcrumb"},"inLanguage":"en-GB","potentialAction":[{"@type":"ReadAction","target":["https:\/\/ghizimontani.org\/sglm-in-romania\/despre-societatea-ghizilor\/"]}]},{"@type":"ImageObject","inLanguage":"en-GB","@id":"https:\/\/ghizimontani.org\/sglm-in-romania\/despre-societatea-ghizilor\/#primaryimage","url":"https:\/\/ghizimontani.org\/wp-content\/uploads\/2022\/08\/Absolvire-Curs-Lider-Montan-International-304-e1759596547597.jpg","contentUrl":"https:\/\/ghizimontani.org\/wp-content\/uploads\/2022\/08\/Absolvire-Curs-Lider-Montan-International-304-e1759596547597.jpg","width":1117,"height":704,"caption":"societatea ghizilor"},{"@type":"BreadcrumbList","@id":"https:\/\/ghizimontani.org\/sglm-in-romania\/despre-societatea-ghizilor\/#breadcrumb","itemListElement":[{"@type":"ListItem","position":1,"name":"Home","item":"https:\/\/ghizimontani.org\/"},{"@type":"ListItem","position":2,"name":"SGLM \u00een Romania","item":"https:\/\/ghizimontani.org\/sglm-in-romania\/"},{"@type":"ListItem","position":3,"name":"Despre noi"}]},{"@type":"WebSite","@id":"https:\/\/ghizimontani.org\/#website","url":"https:\/\/ghizimontani.org\/","name":"The Society of Mountain Guides and Leaders | UIMLA","description":"The Society of Mountain Guides and Leaders (SGLM)","publisher":{"@id":"https:\/\/ghizimontani.org\/#organization"},"potentialAction":[{"@type":"SearchAction","target":{"@type":"EntryPoint","urlTemplate":"https:\/\/ghizimontani.org\/?s={search_term_string}"},"query-input":{"@type":"PropertyValueSpecification","valueRequired":true,"valueName":"search_term_string"}}],"inLanguage":"en-GB"},{"@type":"Organization","@id":"https:\/\/ghizimontani.org\/#organization","name":"The Society of Mountain Guides and Leaders (SGLM)","url":"https:\/\/ghizimontani.org\/","logo":{"@type":"ImageObject","inLanguage":"en-GB","@id":"https:\/\/ghizimontani.org\/#\/schema\/logo\/image\/","url":"https:\/\/ghizimontani.org\/wp-content\/uploads\/2022\/06\/SGLM_transparent.png","contentUrl":"https:\/\/ghizimontani.org\/wp-content\/uploads\/2022\/06\/SGLM_transparent.png","width":977,"height":766,"caption":"Societatea Ghizilor \u0219i Liderilor Montani"},"image":{"@id":"https:\/\/ghizimontani.org\/#\/schema\/logo\/image\/"},"sameAs":["https:\/\/www.facebook.com\/Societatea-Ghizilor-i-Liderilor-Montani-225472330976954"]}]}},"_links":{"self":[{"href":"https:\/\/ghizimontani.org\/en\/wp-json\/wp\/v2\/pages\/776","targetHints":{"allow":["GET"]}}],"collection":[{"href":"https:\/\/ghizimontani.org\/en\/wp-json\/wp\/v2\/pages"}],"about":[{"href":"https:\/\/ghizimontani.org\/en\/wp-json\/wp\/v2\/types\/page"}],"author":[{"embeddable":true,"href":"https:\/\/ghizimontani.org\/en\/wp-json\/wp\/v2\/users\/3"}],"replies":[{"embeddable":true,"href":"https:\/\/ghizimontani.org\/en\/wp-json\/wp\/v2\/comments?post=776"}],"version-history":[{"count":11,"href":"https:\/\/ghizimontani.org\/en\/wp-json\/wp\/v2\/pages\/776\/revisions"}],"predecessor-version":[{"id":5562,"href":"https:\/\/ghizimontani.org\/en\/wp-json\/wp\/v2\/pages\/776\/revisions\/5562"}],"up":[{"embeddable":true,"href":"https:\/\/ghizimontani.org\/en\/wp-json\/wp\/v2\/pages\/37"}],"wp:featuredmedia":[{"embeddable":true,"href":"https:\/\/ghizimontani.org\/en\/wp-json\/wp\/v2\/media\/2737"}],"wp:attachment":[{"href":"https:\/\/ghizimontani.org\/en\/wp-json\/wp\/v2\/media?parent=776"}],"curies":[{"name":"wp","href":"https:\/\/api.w.org\/{rel}","templated":true}]}}