{"id":4991,"date":"2025-06-09T05:08:10","date_gmt":"2025-06-09T05:08:10","guid":{"rendered":"https:\/\/ghizimontani.org\/?page_id=4991"},"modified":"2025-06-10T09:09:50","modified_gmt":"2025-06-10T09:09:50","slug":"ce-reprezinta-o-zi-de-calitate-pe-munte","status":"publish","type":"page","link":"https:\/\/ghizimontani.org\/en\/ce-reprezinta-o-zi-de-calitate-pe-munte\/","title":{"rendered":"Ce reprezint\u0103 o zi de calitate pe munte?"},"content":{"rendered":"<p>Profesia de ghid (interna\u021bional) de drume\u021bie montan\u0103 &#8211;\u00a0<em>\"International Mountain Leader\" (IML) profession worldwide.<\/em> este una care necesit\u0103 o experien\u021b\u0103 semnificativ\u0103 \u00een mersul pe munte, iar condi\u021biile de admitere \u00een cursul nostru de formare profesional\u0103 sunt definite <a href=\"https:\/\/ghizimontani.org\/en\/formare-profesionala\/ghid-drumetie-lider-montan-international-iml\/\">aici<\/a>.<\/p>\n<p>Astfel, dorim s\u0103 detaliem conceptul de\u00a0<strong>zi de calitate petrecut\u0103 pe munte<em>,<\/em><\/strong> respectiv\u00a0<em>quality mountain day<\/em>, inspirat de colegii <a href=\"https:\/\/www.mountain-training.org\/help\/frequently-asked-questions\/what-is-a-quality-day\/\" target=\"_blank\" rel=\"noopener\">britanici<\/a>.<\/p>\n<h6>Ce reprezint\u0103 o zi de calitate pe munte<\/h6>\n<p>O zi de calitate petrecut\u0103 pe munte trebuie s\u0103 \u00eendeplineasc\u0103 urm\u0103toarele condi\u021bii:<\/p>\n<ul>\n<li>candidatul trebuie s\u0103 participe la planificare \u0219i conducere;<\/li>\n<li>traseul ales nu a mai fost parcurs anterior;<\/li>\n<li>se folosesc instrumente \u0219i tehnici de naviga\u021bie (hart\u0103, busol\u0103, GPS);<\/li>\n<li>se iau decizii pentru siguran\u021ba grupului;<\/li>\n<li>se urc\u0103 un munte;<\/li>\n<li>se petrec minim 8 ore \u00een teren montan.<\/li>\n<\/ul>\n<p>A petrece timp de calitate pe munte nu \u00eenseamn\u0103 doar o experien\u021b\u0103 complet\u0103, indiferent de activitatea desf\u0103\u0219urat\u0103, ci \u00eenseamn\u0103 \u0219i acumularea unei bogate \u0219i valoroase experien\u021be, care, al\u0103turi de o <a href=\"https:\/\/ghizimontani.org\/en\/formare-profesionala\/ghid-drumetie-lider-montan-international-iml\/\">formare profesional\u0103<\/a> complet\u0103 \u0219i la standarde ridicate, se poate transforma \u00eentr-o carier\u0103 de succes \u00een domeniul muntelui.<\/p>\n<ul><\/ul>","protected":false},"excerpt":{"rendered":"<p>Profesia de ghid (interna\u021bional) de drume\u021bie montan\u0103 &#8211;\u00a0International Mountain Leader este una care necesit\u0103 o experien\u021b\u0103 semnificativ\u0103 \u00een mersul pe munte, iar condi\u021biile de admitere \u00een cursul nostru de formare profesional\u0103 sunt definite aici. Astfel, dorim s\u0103 detaliem conceptul de\u00a0zi de calitate petrecut\u0103 pe munte, respectiv\u00a0quality mountain day, inspirat de [&hellip;]<\/p>","protected":false},"author":35,"featured_media":4249,"parent":0,"menu_order":0,"comment_status":"closed","ping_status":"closed","template":"","meta":{"footnotes":""},"class_list":["post-4991","page","type-page","status-publish","has-post-thumbnail","hentry"],"yoast_head":"<!-- This site is optimized with the Yoast SEO plugin v27.5 - https:\/\/yoast.com\/product\/yoast-seo-wordpress\/ -->\n<title>Ce reprezint\u0103 o zi de calitate pe munte? - Societatea Ghizilor \u0219i Liderilor Montani | UIMLA<\/title>\n<meta name=\"description\" content=\"Ce este o zi de calitate pe munte? Criterii de experien\u021b\u0103 pentru cursul SGLM de formare profesional\u0103 ghid drumetie montana, lider montan.\" \/>\n<meta name=\"robots\" content=\"index, follow, max-snippet:-1, max-image-preview:large, max-video-preview:-1\" \/>\n<link rel=\"canonical\" href=\"https:\/\/ghizimontani.org\/en\/ce-reprezinta-o-zi-de-calitate-pe-munte\/\" \/>\n<meta property=\"og:locale\" content=\"en_GB\" \/>\n<meta property=\"og:type\" content=\"article\" \/>\n<meta property=\"og:title\" content=\"Ce reprezint\u0103 o zi de calitate pe munte? - Societatea Ghizilor \u0219i Liderilor Montani | UIMLA\" \/>\n<meta property=\"og:description\" content=\"Ce este o zi de calitate pe munte? Criterii de experien\u021b\u0103 pentru cursul SGLM de formare profesional\u0103 ghid drumetie montana, lider montan.\" \/>\n<meta property=\"og:url\" content=\"https:\/\/ghizimontani.org\/en\/ce-reprezinta-o-zi-de-calitate-pe-munte\/\" \/>\n<meta property=\"og:site_name\" content=\"Societatea Ghizilor \u0219i Liderilor Montani | UIMLA\" \/>\n<meta property=\"article:publisher\" content=\"https:\/\/www.facebook.com\/Societatea-Ghizilor-i-Liderilor-Montani-225472330976954\" \/>\n<meta property=\"article:modified_time\" content=\"2025-06-10T09:09:50+00:00\" \/>\n<meta property=\"og:image\" content=\"https:\/\/ghizimontani.org\/wp-content\/uploads\/2024\/05\/20240525_202822.jpg\" \/>\n\t<meta property=\"og:image:width\" content=\"1199\" \/>\n\t<meta property=\"og:image:height\" content=\"899\" \/>\n\t<meta property=\"og:image:type\" content=\"image\/jpeg\" \/>\n<meta name=\"twitter:card\" content=\"summary_large_image\" \/>\n<meta name=\"twitter:label1\" content=\"Estimated reading time\" \/>\n\t<meta name=\"twitter:data1\" content=\"1 minute\" \/>\n<script type=\"application\/ld+json\" class=\"yoast-schema-graph\">{\"@context\":\"https:\\\/\\\/schema.org\",\"@graph\":[{\"@type\":\"WebPage\",\"@id\":\"https:\\\/\\\/ghizimontani.org\\\/ce-reprezinta-o-zi-de-calitate-pe-munte\\\/\",\"url\":\"https:\\\/\\\/ghizimontani.org\\\/ce-reprezinta-o-zi-de-calitate-pe-munte\\\/\",\"name\":\"Ce reprezint\u0103 o zi de calitate pe munte? - Societatea Ghizilor \u0219i Liderilor Montani | UIMLA\",\"isPartOf\":{\"@id\":\"https:\\\/\\\/ghizimontani.org\\\/#website\"},\"primaryImageOfPage\":{\"@id\":\"https:\\\/\\\/ghizimontani.org\\\/ce-reprezinta-o-zi-de-calitate-pe-munte\\\/#primaryimage\"},\"image\":{\"@id\":\"https:\\\/\\\/ghizimontani.org\\\/ce-reprezinta-o-zi-de-calitate-pe-munte\\\/#primaryimage\"},\"thumbnailUrl\":\"https:\\\/\\\/ghizimontani.org\\\/wp-content\\\/uploads\\\/2024\\\/05\\\/20240525_202822.jpg\",\"datePublished\":\"2025-06-09T05:08:10+00:00\",\"dateModified\":\"2025-06-10T09:09:50+00:00\",\"description\":\"Ce este o zi de calitate pe munte? Criterii de experien\u021b\u0103 pentru cursul SGLM de formare profesional\u0103 ghid drumetie montana, lider montan.\",\"breadcrumb\":{\"@id\":\"https:\\\/\\\/ghizimontani.org\\\/ce-reprezinta-o-zi-de-calitate-pe-munte\\\/#breadcrumb\"},\"inLanguage\":\"en-GB\",\"potentialAction\":[{\"@type\":\"ReadAction\",\"target\":[\"https:\\\/\\\/ghizimontani.org\\\/ce-reprezinta-o-zi-de-calitate-pe-munte\\\/\"]}]},{\"@type\":\"ImageObject\",\"inLanguage\":\"en-GB\",\"@id\":\"https:\\\/\\\/ghizimontani.org\\\/ce-reprezinta-o-zi-de-calitate-pe-munte\\\/#primaryimage\",\"url\":\"https:\\\/\\\/ghizimontani.org\\\/wp-content\\\/uploads\\\/2024\\\/05\\\/20240525_202822.jpg\",\"contentUrl\":\"https:\\\/\\\/ghizimontani.org\\\/wp-content\\\/uploads\\\/2024\\\/05\\\/20240525_202822.jpg\",\"width\":1199,\"height\":899,\"caption\":\"zi de calitate pe munte\"},{\"@type\":\"BreadcrumbList\",\"@id\":\"https:\\\/\\\/ghizimontani.org\\\/ce-reprezinta-o-zi-de-calitate-pe-munte\\\/#breadcrumb\",\"itemListElement\":[{\"@type\":\"ListItem\",\"position\":1,\"name\":\"Home\",\"item\":\"https:\\\/\\\/ghizimontani.org\\\/\"},{\"@type\":\"ListItem\",\"position\":2,\"name\":\"Ce reprezint\u0103 o zi de calitate pe munte?\"}]},{\"@type\":\"WebSite\",\"@id\":\"https:\\\/\\\/ghizimontani.org\\\/#website\",\"url\":\"https:\\\/\\\/ghizimontani.org\\\/\",\"name\":\"Societatea Ghizilor \u0219i Liderilor Montani | UIMLA\",\"description\":\"Societatea Ghizilor \u0219i Liderilor Montani\",\"publisher\":{\"@id\":\"https:\\\/\\\/ghizimontani.org\\\/#organization\"},\"potentialAction\":[{\"@type\":\"SearchAction\",\"target\":{\"@type\":\"EntryPoint\",\"urlTemplate\":\"https:\\\/\\\/ghizimontani.org\\\/?s={search_term_string}\"},\"query-input\":{\"@type\":\"PropertyValueSpecification\",\"valueRequired\":true,\"valueName\":\"search_term_string\"}}],\"inLanguage\":\"en-GB\"},{\"@type\":\"Organization\",\"@id\":\"https:\\\/\\\/ghizimontani.org\\\/#organization\",\"name\":\"Societatea Ghizilor \u0219i Liderilor Montani\",\"url\":\"https:\\\/\\\/ghizimontani.org\\\/\",\"logo\":{\"@type\":\"ImageObject\",\"inLanguage\":\"en-GB\",\"@id\":\"https:\\\/\\\/ghizimontani.org\\\/#\\\/schema\\\/logo\\\/image\\\/\",\"url\":\"https:\\\/\\\/ghizimontani.org\\\/wp-content\\\/uploads\\\/2022\\\/06\\\/SGLM_transparent.png\",\"contentUrl\":\"https:\\\/\\\/ghizimontani.org\\\/wp-content\\\/uploads\\\/2022\\\/06\\\/SGLM_transparent.png\",\"width\":977,\"height\":766,\"caption\":\"Societatea Ghizilor \u0219i Liderilor Montani\"},\"image\":{\"@id\":\"https:\\\/\\\/ghizimontani.org\\\/#\\\/schema\\\/logo\\\/image\\\/\"},\"sameAs\":[\"https:\\\/\\\/www.facebook.com\\\/Societatea-Ghizilor-i-Liderilor-Montani-225472330976954\"]}]}<\/script>\n<!-- \/ Yoast SEO plugin. -->","yoast_head_json":{"title":"Ce reprezint\u0103 o zi de calitate pe munte? - Societatea Ghizilor \u0219i Liderilor Montani | UIMLA","description":"Ce este o zi de calitate pe munte? Criterii de experien\u021b\u0103 pentru cursul SGLM de formare profesional\u0103 ghid drumetie montana, lider montan.","robots":{"index":"index","follow":"follow","max-snippet":"max-snippet:-1","max-image-preview":"max-image-preview:large","max-video-preview":"max-video-preview:-1"},"canonical":"https:\/\/ghizimontani.org\/en\/ce-reprezinta-o-zi-de-calitate-pe-munte\/","og_locale":"en_GB","og_type":"article","og_title":"Ce reprezint\u0103 o zi de calitate pe munte? - Societatea Ghizilor \u0219i Liderilor Montani | UIMLA","og_description":"Ce este o zi de calitate pe munte? Criterii de experien\u021b\u0103 pentru cursul SGLM de formare profesional\u0103 ghid drumetie montana, lider montan.","og_url":"https:\/\/ghizimontani.org\/en\/ce-reprezinta-o-zi-de-calitate-pe-munte\/","og_site_name":"Societatea Ghizilor \u0219i Liderilor Montani | UIMLA","article_publisher":"https:\/\/www.facebook.com\/Societatea-Ghizilor-i-Liderilor-Montani-225472330976954","article_modified_time":"2025-06-10T09:09:50+00:00","og_image":[{"width":1199,"height":899,"url":"https:\/\/ghizimontani.org\/wp-content\/uploads\/2024\/05\/20240525_202822.jpg","type":"image\/jpeg"}],"twitter_card":"summary_large_image","twitter_misc":{"Estimated reading time":"1 minute"},"schema":{"@context":"https:\/\/schema.org","@graph":[{"@type":"WebPage","@id":"https:\/\/ghizimontani.org\/ce-reprezinta-o-zi-de-calitate-pe-munte\/","url":"https:\/\/ghizimontani.org\/ce-reprezinta-o-zi-de-calitate-pe-munte\/","name":"Ce reprezint\u0103 o zi de calitate pe munte? - Societatea Ghizilor \u0219i Liderilor Montani | UIMLA","isPartOf":{"@id":"https:\/\/ghizimontani.org\/#website"},"primaryImageOfPage":{"@id":"https:\/\/ghizimontani.org\/ce-reprezinta-o-zi-de-calitate-pe-munte\/#primaryimage"},"image":{"@id":"https:\/\/ghizimontani.org\/ce-reprezinta-o-zi-de-calitate-pe-munte\/#primaryimage"},"thumbnailUrl":"https:\/\/ghizimontani.org\/wp-content\/uploads\/2024\/05\/20240525_202822.jpg","datePublished":"2025-06-09T05:08:10+00:00","dateModified":"2025-06-10T09:09:50+00:00","description":"Ce este o zi de calitate pe munte? Criterii de experien\u021b\u0103 pentru cursul SGLM de formare profesional\u0103 ghid drumetie montana, lider montan.","breadcrumb":{"@id":"https:\/\/ghizimontani.org\/ce-reprezinta-o-zi-de-calitate-pe-munte\/#breadcrumb"},"inLanguage":"en-GB","potentialAction":[{"@type":"ReadAction","target":["https:\/\/ghizimontani.org\/ce-reprezinta-o-zi-de-calitate-pe-munte\/"]}]},{"@type":"ImageObject","inLanguage":"en-GB","@id":"https:\/\/ghizimontani.org\/ce-reprezinta-o-zi-de-calitate-pe-munte\/#primaryimage","url":"https:\/\/ghizimontani.org\/wp-content\/uploads\/2024\/05\/20240525_202822.jpg","contentUrl":"https:\/\/ghizimontani.org\/wp-content\/uploads\/2024\/05\/20240525_202822.jpg","width":1199,"height":899,"caption":"zi de calitate pe munte"},{"@type":"BreadcrumbList","@id":"https:\/\/ghizimontani.org\/ce-reprezinta-o-zi-de-calitate-pe-munte\/#breadcrumb","itemListElement":[{"@type":"ListItem","position":1,"name":"Home","item":"https:\/\/ghizimontani.org\/"},{"@type":"ListItem","position":2,"name":"Ce reprezint\u0103 o zi de calitate pe munte?"}]},{"@type":"WebSite","@id":"https:\/\/ghizimontani.org\/#website","url":"https:\/\/ghizimontani.org\/","name":"The Society of Mountain Guides and Leaders | UIMLA","description":"The Society of Mountain Guides and Leaders (SGLM)","publisher":{"@id":"https:\/\/ghizimontani.org\/#organization"},"potentialAction":[{"@type":"SearchAction","target":{"@type":"EntryPoint","urlTemplate":"https:\/\/ghizimontani.org\/?s={search_term_string}"},"query-input":{"@type":"PropertyValueSpecification","valueRequired":true,"valueName":"search_term_string"}}],"inLanguage":"en-GB"},{"@type":"Organization","@id":"https:\/\/ghizimontani.org\/#organization","name":"The Society of Mountain Guides and Leaders (SGLM)","url":"https:\/\/ghizimontani.org\/","logo":{"@type":"ImageObject","inLanguage":"en-GB","@id":"https:\/\/ghizimontani.org\/#\/schema\/logo\/image\/","url":"https:\/\/ghizimontani.org\/wp-content\/uploads\/2022\/06\/SGLM_transparent.png","contentUrl":"https:\/\/ghizimontani.org\/wp-content\/uploads\/2022\/06\/SGLM_transparent.png","width":977,"height":766,"caption":"Societatea Ghizilor \u0219i Liderilor Montani"},"image":{"@id":"https:\/\/ghizimontani.org\/#\/schema\/logo\/image\/"},"sameAs":["https:\/\/www.facebook.com\/Societatea-Ghizilor-i-Liderilor-Montani-225472330976954"]}]}},"_links":{"self":[{"href":"https:\/\/ghizimontani.org\/en\/wp-json\/wp\/v2\/pages\/4991","targetHints":{"allow":["GET"]}}],"collection":[{"href":"https:\/\/ghizimontani.org\/en\/wp-json\/wp\/v2\/pages"}],"about":[{"href":"https:\/\/ghizimontani.org\/en\/wp-json\/wp\/v2\/types\/page"}],"author":[{"embeddable":true,"href":"https:\/\/ghizimontani.org\/en\/wp-json\/wp\/v2\/users\/35"}],"replies":[{"embeddable":true,"href":"https:\/\/ghizimontani.org\/en\/wp-json\/wp\/v2\/comments?post=4991"}],"version-history":[{"count":6,"href":"https:\/\/ghizimontani.org\/en\/wp-json\/wp\/v2\/pages\/4991\/revisions"}],"predecessor-version":[{"id":5290,"href":"https:\/\/ghizimontani.org\/en\/wp-json\/wp\/v2\/pages\/4991\/revisions\/5290"}],"wp:featuredmedia":[{"embeddable":true,"href":"https:\/\/ghizimontani.org\/en\/wp-json\/wp\/v2\/media\/4249"}],"wp:attachment":[{"href":"https:\/\/ghizimontani.org\/en\/wp-json\/wp\/v2\/media?parent=4991"}],"curies":[{"name":"wp","href":"https:\/\/api.w.org\/{rel}","templated":true}]}}