{"id":3477,"date":"2023-02-18T20:39:50","date_gmt":"2023-02-18T20:39:50","guid":{"rendered":"https:\/\/ghizimontani.org\/?page_id=3477"},"modified":"2023-02-23T14:18:05","modified_gmt":"2023-02-23T14:18:05","slug":"portal-instructori-sglm","status":"publish","type":"page","link":"https:\/\/ghizimontani.org\/en\/portal-instructori-sglm\/","title":{"rendered":"Portal instructori SGLM"},"content":{"rendered":"<div class=\"members-access-error\">Ne pare r\u0103u, dar nu po\u021bi accesa aceast\u0103 sec\u021biune.<\/div>","protected":false},"excerpt":{"rendered":"<div class=\"members-access-error\">Ne pare r\u0103u, dar nu po\u021bi accesa aceast\u0103 sec\u021biune.<\/div>","protected":false},"author":35,"featured_media":3340,"parent":0,"menu_order":0,"comment_status":"closed","ping_status":"closed","template":"","meta":{"footnotes":""},"class_list":["post-3477","page","type-page","status-publish","has-post-thumbnail","hentry"],"yoast_head":"<!-- This site is optimized with the Yoast SEO plugin v26.6 - https:\/\/yoast.com\/wordpress\/plugins\/seo\/ -->\n<title>Portal instructori SGLM - Societatea Ghizilor \u0219i Liderilor Montani | UIMLA<\/title>\n<meta name=\"description\" content=\"Portalul instructorilor \u00een Societatea Ghizilor \u0219i Liderilor Montani, asocia\u021bie profesional\u0103 rom\u00e2n\u0103 afiliat\u0103 UIMLA.\" \/>\n<meta name=\"robots\" content=\"index, follow, max-snippet:-1, max-image-preview:large, max-video-preview:-1\" \/>\n<link rel=\"canonical\" href=\"https:\/\/ghizimontani.org\/en\/portal-instructori-sglm\/\" \/>\n<meta property=\"og:locale\" content=\"en_GB\" \/>\n<meta property=\"og:type\" content=\"article\" \/>\n<meta property=\"og:title\" content=\"Portal instructori SGLM - Societatea Ghizilor \u0219i Liderilor Montani | UIMLA\" \/>\n<meta property=\"og:description\" content=\"Portalul instructorilor \u00een Societatea Ghizilor \u0219i Liderilor Montani, asocia\u021bie profesional\u0103 rom\u00e2n\u0103 afiliat\u0103 UIMLA.\" \/>\n<meta property=\"og:url\" content=\"https:\/\/ghizimontani.org\/en\/portal-instructori-sglm\/\" \/>\n<meta property=\"og:site_name\" content=\"Societatea Ghizilor \u0219i Liderilor Montani | UIMLA\" \/>\n<meta property=\"article:publisher\" content=\"https:\/\/www.facebook.com\/Societatea-Ghizilor-i-Liderilor-Montani-225472330976954\" \/>\n<meta property=\"article:modified_time\" content=\"2023-02-23T14:18:05+00:00\" \/>\n<meta property=\"og:image\" content=\"https:\/\/ghizimontani.org\/wp-content\/uploads\/2022\/12\/28.jpg\" \/>\n\t<meta property=\"og:image:width\" content=\"1400\" \/>\n\t<meta property=\"og:image:height\" content=\"1050\" \/>\n\t<meta property=\"og:image:type\" content=\"image\/jpeg\" \/>\n<meta name=\"twitter:card\" content=\"summary_large_image\" \/>\n<meta name=\"twitter:label1\" content=\"Estimated reading time\" \/>\n\t<meta name=\"twitter:data1\" content=\"1 minute\" \/>\n<script type=\"application\/ld+json\" class=\"yoast-schema-graph\">{\"@context\":\"https:\/\/schema.org\",\"@graph\":[{\"@type\":\"WebPage\",\"@id\":\"https:\/\/ghizimontani.org\/portal-instructori-sglm\/\",\"url\":\"https:\/\/ghizimontani.org\/portal-instructori-sglm\/\",\"name\":\"Portal instructori SGLM - Societatea Ghizilor \u0219i Liderilor Montani | UIMLA\",\"isPartOf\":{\"@id\":\"https:\/\/ghizimontani.org\/#website\"},\"primaryImageOfPage\":{\"@id\":\"https:\/\/ghizimontani.org\/portal-instructori-sglm\/#primaryimage\"},\"image\":{\"@id\":\"https:\/\/ghizimontani.org\/portal-instructori-sglm\/#primaryimage\"},\"thumbnailUrl\":\"https:\/\/ghizimontani.org\/wp-content\/uploads\/2022\/12\/28.jpg\",\"datePublished\":\"2023-02-18T20:39:50+00:00\",\"dateModified\":\"2023-02-23T14:18:05+00:00\",\"description\":\"Portalul instructorilor \u00een Societatea Ghizilor \u0219i Liderilor Montani, asocia\u021bie profesional\u0103 rom\u00e2n\u0103 afiliat\u0103 UIMLA.\",\"breadcrumb\":{\"@id\":\"https:\/\/ghizimontani.org\/portal-instructori-sglm\/#breadcrumb\"},\"inLanguage\":\"en-GB\",\"potentialAction\":[{\"@type\":\"ReadAction\",\"target\":[\"https:\/\/ghizimontani.org\/portal-instructori-sglm\/\"]}]},{\"@type\":\"ImageObject\",\"inLanguage\":\"en-GB\",\"@id\":\"https:\/\/ghizimontani.org\/portal-instructori-sglm\/#primaryimage\",\"url\":\"https:\/\/ghizimontani.org\/wp-content\/uploads\/2022\/12\/28.jpg\",\"contentUrl\":\"https:\/\/ghizimontani.org\/wp-content\/uploads\/2022\/12\/28.jpg\",\"width\":1400,\"height\":1050},{\"@type\":\"BreadcrumbList\",\"@id\":\"https:\/\/ghizimontani.org\/portal-instructori-sglm\/#breadcrumb\",\"itemListElement\":[{\"@type\":\"ListItem\",\"position\":1,\"name\":\"Home\",\"item\":\"https:\/\/ghizimontani.org\/\"},{\"@type\":\"ListItem\",\"position\":2,\"name\":\"Portal instructori SGLM\"}]},{\"@type\":\"WebSite\",\"@id\":\"https:\/\/ghizimontani.org\/#website\",\"url\":\"https:\/\/ghizimontani.org\/\",\"name\":\"Societatea Ghizilor \u0219i Liderilor Montani | UIMLA\",\"description\":\"Societatea Ghizilor \u0219i Liderilor Montani\",\"publisher\":{\"@id\":\"https:\/\/ghizimontani.org\/#organization\"},\"potentialAction\":[{\"@type\":\"SearchAction\",\"target\":{\"@type\":\"EntryPoint\",\"urlTemplate\":\"https:\/\/ghizimontani.org\/?s={search_term_string}\"},\"query-input\":{\"@type\":\"PropertyValueSpecification\",\"valueRequired\":true,\"valueName\":\"search_term_string\"}}],\"inLanguage\":\"en-GB\"},{\"@type\":\"Organization\",\"@id\":\"https:\/\/ghizimontani.org\/#organization\",\"name\":\"Societatea Ghizilor \u0219i Liderilor Montani\",\"url\":\"https:\/\/ghizimontani.org\/\",\"logo\":{\"@type\":\"ImageObject\",\"inLanguage\":\"en-GB\",\"@id\":\"https:\/\/ghizimontani.org\/#\/schema\/logo\/image\/\",\"url\":\"https:\/\/ghizimontani.org\/wp-content\/uploads\/2022\/06\/SGLM_transparent.png\",\"contentUrl\":\"https:\/\/ghizimontani.org\/wp-content\/uploads\/2022\/06\/SGLM_transparent.png\",\"width\":977,\"height\":766,\"caption\":\"Societatea Ghizilor \u0219i Liderilor Montani\"},\"image\":{\"@id\":\"https:\/\/ghizimontani.org\/#\/schema\/logo\/image\/\"},\"sameAs\":[\"https:\/\/www.facebook.com\/Societatea-Ghizilor-i-Liderilor-Montani-225472330976954\"]}]}<\/script>\n<!-- \/ Yoast SEO plugin. -->","yoast_head_json":{"title":"Portal instructori SGLM - Societatea Ghizilor \u0219i Liderilor Montani | UIMLA","description":"Portalul instructorilor \u00een Societatea Ghizilor \u0219i Liderilor Montani, asocia\u021bie profesional\u0103 rom\u00e2n\u0103 afiliat\u0103 UIMLA.","robots":{"index":"index","follow":"follow","max-snippet":"max-snippet:-1","max-image-preview":"max-image-preview:large","max-video-preview":"max-video-preview:-1"},"canonical":"https:\/\/ghizimontani.org\/en\/portal-instructori-sglm\/","og_locale":"en_GB","og_type":"article","og_title":"Portal instructori SGLM - Societatea Ghizilor \u0219i Liderilor Montani | UIMLA","og_description":"Portalul instructorilor \u00een Societatea Ghizilor \u0219i Liderilor Montani, asocia\u021bie profesional\u0103 rom\u00e2n\u0103 afiliat\u0103 UIMLA.","og_url":"https:\/\/ghizimontani.org\/en\/portal-instructori-sglm\/","og_site_name":"Societatea Ghizilor \u0219i Liderilor Montani | UIMLA","article_publisher":"https:\/\/www.facebook.com\/Societatea-Ghizilor-i-Liderilor-Montani-225472330976954","article_modified_time":"2023-02-23T14:18:05+00:00","og_image":[{"width":1400,"height":1050,"url":"https:\/\/ghizimontani.org\/wp-content\/uploads\/2022\/12\/28.jpg","type":"image\/jpeg"}],"twitter_card":"summary_large_image","twitter_misc":{"Estimated reading time":"1 minute"},"schema":{"@context":"https:\/\/schema.org","@graph":[{"@type":"WebPage","@id":"https:\/\/ghizimontani.org\/portal-instructori-sglm\/","url":"https:\/\/ghizimontani.org\/portal-instructori-sglm\/","name":"Portal instructori SGLM - Societatea Ghizilor \u0219i Liderilor Montani | UIMLA","isPartOf":{"@id":"https:\/\/ghizimontani.org\/#website"},"primaryImageOfPage":{"@id":"https:\/\/ghizimontani.org\/portal-instructori-sglm\/#primaryimage"},"image":{"@id":"https:\/\/ghizimontani.org\/portal-instructori-sglm\/#primaryimage"},"thumbnailUrl":"https:\/\/ghizimontani.org\/wp-content\/uploads\/2022\/12\/28.jpg","datePublished":"2023-02-18T20:39:50+00:00","dateModified":"2023-02-23T14:18:05+00:00","description":"Portalul instructorilor \u00een Societatea Ghizilor \u0219i Liderilor Montani, asocia\u021bie profesional\u0103 rom\u00e2n\u0103 afiliat\u0103 UIMLA.","breadcrumb":{"@id":"https:\/\/ghizimontani.org\/portal-instructori-sglm\/#breadcrumb"},"inLanguage":"en-GB","potentialAction":[{"@type":"ReadAction","target":["https:\/\/ghizimontani.org\/portal-instructori-sglm\/"]}]},{"@type":"ImageObject","inLanguage":"en-GB","@id":"https:\/\/ghizimontani.org\/portal-instructori-sglm\/#primaryimage","url":"https:\/\/ghizimontani.org\/wp-content\/uploads\/2022\/12\/28.jpg","contentUrl":"https:\/\/ghizimontani.org\/wp-content\/uploads\/2022\/12\/28.jpg","width":1400,"height":1050},{"@type":"BreadcrumbList","@id":"https:\/\/ghizimontani.org\/portal-instructori-sglm\/#breadcrumb","itemListElement":[{"@type":"ListItem","position":1,"name":"Home","item":"https:\/\/ghizimontani.org\/"},{"@type":"ListItem","position":2,"name":"Portal instructori SGLM"}]},{"@type":"WebSite","@id":"https:\/\/ghizimontani.org\/#website","url":"https:\/\/ghizimontani.org\/","name":"The Society of Mountain Guides and Leaders | UIMLA","description":"The Society of Mountain Guides and Leaders (SGLM)","publisher":{"@id":"https:\/\/ghizimontani.org\/#organization"},"potentialAction":[{"@type":"SearchAction","target":{"@type":"EntryPoint","urlTemplate":"https:\/\/ghizimontani.org\/?s={search_term_string}"},"query-input":{"@type":"PropertyValueSpecification","valueRequired":true,"valueName":"search_term_string"}}],"inLanguage":"en-GB"},{"@type":"Organization","@id":"https:\/\/ghizimontani.org\/#organization","name":"The Society of Mountain Guides and Leaders (SGLM)","url":"https:\/\/ghizimontani.org\/","logo":{"@type":"ImageObject","inLanguage":"en-GB","@id":"https:\/\/ghizimontani.org\/#\/schema\/logo\/image\/","url":"https:\/\/ghizimontani.org\/wp-content\/uploads\/2022\/06\/SGLM_transparent.png","contentUrl":"https:\/\/ghizimontani.org\/wp-content\/uploads\/2022\/06\/SGLM_transparent.png","width":977,"height":766,"caption":"Societatea Ghizilor \u0219i Liderilor Montani"},"image":{"@id":"https:\/\/ghizimontani.org\/#\/schema\/logo\/image\/"},"sameAs":["https:\/\/www.facebook.com\/Societatea-Ghizilor-i-Liderilor-Montani-225472330976954"]}]}},"_links":{"self":[{"href":"https:\/\/ghizimontani.org\/en\/wp-json\/wp\/v2\/pages\/3477","targetHints":{"allow":["GET"]}}],"collection":[{"href":"https:\/\/ghizimontani.org\/en\/wp-json\/wp\/v2\/pages"}],"about":[{"href":"https:\/\/ghizimontani.org\/en\/wp-json\/wp\/v2\/types\/page"}],"author":[{"embeddable":true,"href":"https:\/\/ghizimontani.org\/en\/wp-json\/wp\/v2\/users\/35"}],"replies":[{"embeddable":true,"href":"https:\/\/ghizimontani.org\/en\/wp-json\/wp\/v2\/comments?post=3477"}],"version-history":[{"count":38,"href":"https:\/\/ghizimontani.org\/en\/wp-json\/wp\/v2\/pages\/3477\/revisions"}],"predecessor-version":[{"id":3631,"href":"https:\/\/ghizimontani.org\/en\/wp-json\/wp\/v2\/pages\/3477\/revisions\/3631"}],"wp:featuredmedia":[{"embeddable":true,"href":"https:\/\/ghizimontani.org\/en\/wp-json\/wp\/v2\/media\/3340"}],"wp:attachment":[{"href":"https:\/\/ghizimontani.org\/en\/wp-json\/wp\/v2\/media?parent=3477"}],"curies":[{"name":"wp","href":"https:\/\/api.w.org\/{rel}","templated":true}]}}