{"id":346,"date":"2016-05-30T11:07:30","date_gmt":"2016-05-30T11:07:30","guid":{"rendered":"http:\/\/ghizimontani.org\/?page_id=346"},"modified":"2023-02-15T15:54:48","modified_gmt":"2023-02-15T15:54:48","slug":"ghizi-montani-atestati","status":"publish","type":"page","link":"http:\/\/ghizimontani.org\/en\/ghizi-montani-atestati\/","title":{"rendered":"Lista ghizi atesta\u021bi \u00een Rom\u00e2nia"},"content":{"rendered":"<p>Lista oficiala a ghizilor de turism atesta\u021bi de c\u0103tre statul rom\u00e2n (inclusiv ghizii montani) poate fi consultat\u0103 acces\u00e2nd link-ul de mai jos:<\/p>\n<p><a href=\"http:\/\/turism.gov.ro\/web\/autorizare-turism\/\" target=\"_blank\" rel=\"noopener\">http:\/\/turism.gov.ro\/web\/autorizare-turism\/<\/a><\/p>\n<h6>Cite\u0219te \u0219i <a href=\"https:\/\/ghizimontani.org\/en\/decalogul-clientului\/\">Decalogul clientului<\/a>, un scurt document despre cum s\u0103 alegi un ghid montan \u00een Rom\u00e2nia.<\/h6>","protected":false},"excerpt":{"rendered":"<p>Lista oficiala a ghizilor de turism atesta\u021bi de c\u0103tre statul rom\u00e2n (inclusiv ghizii montani) poate fi consultat\u0103 acces\u00e2nd link-ul de mai jos: http:\/\/turism.gov.ro\/web\/autorizare-turism\/ Cite\u0219te \u0219i Decalogul clientului, un scurt document despre cum s\u0103 alegi un ghid montan \u00een Rom\u00e2nia.<\/p>","protected":false},"author":3,"featured_media":2153,"parent":0,"menu_order":0,"comment_status":"closed","ping_status":"closed","template":"","meta":{"footnotes":""},"class_list":["post-346","page","type-page","status-publish","has-post-thumbnail","hentry"],"yoast_head":"<!-- This site is optimized with the Yoast SEO plugin v27.5 - https:\/\/yoast.com\/product\/yoast-seo-wordpress\/ -->\n<title>Lista ghizi atesta\u021bi \u00een Rom\u00e2nia - Societatea Ghizilor \u0219i Liderilor Montani | UIMLA<\/title>\n<meta name=\"description\" content=\"Lista ghizilor montani atestati \u00een Rom\u00e2nia este disponibil\u0103 pe site-ul Ministerului Antreprenoriatului \u0219i Turismului.\" \/>\n<meta name=\"robots\" content=\"index, follow, max-snippet:-1, max-image-preview:large, max-video-preview:-1\" \/>\n<link rel=\"canonical\" href=\"https:\/\/ghizimontani.org\/en\/ghizi-montani-atestati\/\" \/>\n<meta property=\"og:locale\" content=\"en_GB\" \/>\n<meta property=\"og:type\" content=\"article\" \/>\n<meta property=\"og:title\" content=\"Lista ghizi atesta\u021bi \u00een Rom\u00e2nia - Societatea Ghizilor \u0219i Liderilor Montani | UIMLA\" \/>\n<meta property=\"og:description\" content=\"Lista ghizilor montani atestati \u00een Rom\u00e2nia este disponibil\u0103 pe site-ul Ministerului Antreprenoriatului \u0219i Turismului.\" \/>\n<meta property=\"og:url\" content=\"https:\/\/ghizimontani.org\/en\/ghizi-montani-atestati\/\" \/>\n<meta property=\"og:site_name\" content=\"Societatea Ghizilor \u0219i Liderilor Montani | UIMLA\" \/>\n<meta property=\"article:publisher\" content=\"https:\/\/www.facebook.com\/Societatea-Ghizilor-i-Liderilor-Montani-225472330976954\" \/>\n<meta property=\"article:modified_time\" content=\"2023-02-15T15:54:48+00:00\" \/>\n<meta property=\"og:image\" content=\"https:\/\/ghizimontani.org\/wp-content\/uploads\/2022\/06\/poze-iulian-panescu-6-scaled.jpg\" \/>\n\t<meta property=\"og:image:width\" content=\"2560\" \/>\n\t<meta property=\"og:image:height\" content=\"1700\" \/>\n\t<meta property=\"og:image:type\" content=\"image\/jpeg\" \/>\n<meta name=\"twitter:card\" content=\"summary_large_image\" \/>\n<meta name=\"twitter:label1\" content=\"Estimated reading time\" \/>\n\t<meta name=\"twitter:data1\" content=\"1 minute\" \/>\n<script type=\"application\/ld+json\" class=\"yoast-schema-graph\">{\"@context\":\"https:\\\/\\\/schema.org\",\"@graph\":[{\"@type\":\"WebPage\",\"@id\":\"https:\\\/\\\/ghizimontani.org\\\/ghizi-montani-atestati\\\/\",\"url\":\"https:\\\/\\\/ghizimontani.org\\\/ghizi-montani-atestati\\\/\",\"name\":\"Lista ghizi atesta\u021bi \u00een Rom\u00e2nia - Societatea Ghizilor \u0219i Liderilor Montani | UIMLA\",\"isPartOf\":{\"@id\":\"https:\\\/\\\/ghizimontani.org\\\/#website\"},\"primaryImageOfPage\":{\"@id\":\"https:\\\/\\\/ghizimontani.org\\\/ghizi-montani-atestati\\\/#primaryimage\"},\"image\":{\"@id\":\"https:\\\/\\\/ghizimontani.org\\\/ghizi-montani-atestati\\\/#primaryimage\"},\"thumbnailUrl\":\"https:\\\/\\\/ghizimontani.org\\\/wp-content\\\/uploads\\\/2022\\\/06\\\/poze-iulian-panescu-6-scaled.jpg\",\"datePublished\":\"2016-05-30T11:07:30+00:00\",\"dateModified\":\"2023-02-15T15:54:48+00:00\",\"description\":\"Lista ghizilor montani atestati \u00een Rom\u00e2nia este disponibil\u0103 pe site-ul Ministerului Antreprenoriatului \u0219i Turismului.\",\"breadcrumb\":{\"@id\":\"https:\\\/\\\/ghizimontani.org\\\/ghizi-montani-atestati\\\/#breadcrumb\"},\"inLanguage\":\"en-GB\",\"potentialAction\":[{\"@type\":\"ReadAction\",\"target\":[\"https:\\\/\\\/ghizimontani.org\\\/ghizi-montani-atestati\\\/\"]}]},{\"@type\":\"ImageObject\",\"inLanguage\":\"en-GB\",\"@id\":\"https:\\\/\\\/ghizimontani.org\\\/ghizi-montani-atestati\\\/#primaryimage\",\"url\":\"https:\\\/\\\/ghizimontani.org\\\/wp-content\\\/uploads\\\/2022\\\/06\\\/poze-iulian-panescu-6-scaled.jpg\",\"contentUrl\":\"https:\\\/\\\/ghizimontani.org\\\/wp-content\\\/uploads\\\/2022\\\/06\\\/poze-iulian-panescu-6-scaled.jpg\",\"width\":2560,\"height\":1700,\"caption\":\"societatea ghizilor si liderilor montani\"},{\"@type\":\"BreadcrumbList\",\"@id\":\"https:\\\/\\\/ghizimontani.org\\\/ghizi-montani-atestati\\\/#breadcrumb\",\"itemListElement\":[{\"@type\":\"ListItem\",\"position\":1,\"name\":\"Home\",\"item\":\"https:\\\/\\\/ghizimontani.org\\\/\"},{\"@type\":\"ListItem\",\"position\":2,\"name\":\"Lista ghizi atesta\u021bi \u00een Rom\u00e2nia\"}]},{\"@type\":\"WebSite\",\"@id\":\"https:\\\/\\\/ghizimontani.org\\\/#website\",\"url\":\"https:\\\/\\\/ghizimontani.org\\\/\",\"name\":\"Societatea Ghizilor \u0219i Liderilor Montani | UIMLA\",\"description\":\"Societatea Ghizilor \u0219i Liderilor Montani\",\"publisher\":{\"@id\":\"https:\\\/\\\/ghizimontani.org\\\/#organization\"},\"potentialAction\":[{\"@type\":\"SearchAction\",\"target\":{\"@type\":\"EntryPoint\",\"urlTemplate\":\"https:\\\/\\\/ghizimontani.org\\\/?s={search_term_string}\"},\"query-input\":{\"@type\":\"PropertyValueSpecification\",\"valueRequired\":true,\"valueName\":\"search_term_string\"}}],\"inLanguage\":\"en-GB\"},{\"@type\":\"Organization\",\"@id\":\"https:\\\/\\\/ghizimontani.org\\\/#organization\",\"name\":\"Societatea Ghizilor \u0219i Liderilor Montani\",\"url\":\"https:\\\/\\\/ghizimontani.org\\\/\",\"logo\":{\"@type\":\"ImageObject\",\"inLanguage\":\"en-GB\",\"@id\":\"https:\\\/\\\/ghizimontani.org\\\/#\\\/schema\\\/logo\\\/image\\\/\",\"url\":\"https:\\\/\\\/ghizimontani.org\\\/wp-content\\\/uploads\\\/2022\\\/06\\\/SGLM_transparent.png\",\"contentUrl\":\"https:\\\/\\\/ghizimontani.org\\\/wp-content\\\/uploads\\\/2022\\\/06\\\/SGLM_transparent.png\",\"width\":977,\"height\":766,\"caption\":\"Societatea Ghizilor \u0219i Liderilor Montani\"},\"image\":{\"@id\":\"https:\\\/\\\/ghizimontani.org\\\/#\\\/schema\\\/logo\\\/image\\\/\"},\"sameAs\":[\"https:\\\/\\\/www.facebook.com\\\/Societatea-Ghizilor-i-Liderilor-Montani-225472330976954\"]}]}<\/script>\n<!-- \/ Yoast SEO plugin. -->","yoast_head_json":{"title":"Lista ghizi atesta\u021bi \u00een Rom\u00e2nia - Societatea Ghizilor \u0219i Liderilor Montani | UIMLA","description":"Lista ghizilor montani atestati \u00een Rom\u00e2nia este disponibil\u0103 pe site-ul Ministerului Antreprenoriatului \u0219i Turismului.","robots":{"index":"index","follow":"follow","max-snippet":"max-snippet:-1","max-image-preview":"max-image-preview:large","max-video-preview":"max-video-preview:-1"},"canonical":"https:\/\/ghizimontani.org\/en\/ghizi-montani-atestati\/","og_locale":"en_GB","og_type":"article","og_title":"Lista ghizi atesta\u021bi \u00een Rom\u00e2nia - Societatea Ghizilor \u0219i Liderilor Montani | UIMLA","og_description":"Lista ghizilor montani atestati \u00een Rom\u00e2nia este disponibil\u0103 pe site-ul Ministerului Antreprenoriatului \u0219i Turismului.","og_url":"https:\/\/ghizimontani.org\/en\/ghizi-montani-atestati\/","og_site_name":"Societatea Ghizilor \u0219i Liderilor Montani | UIMLA","article_publisher":"https:\/\/www.facebook.com\/Societatea-Ghizilor-i-Liderilor-Montani-225472330976954","article_modified_time":"2023-02-15T15:54:48+00:00","og_image":[{"width":2560,"height":1700,"url":"https:\/\/ghizimontani.org\/wp-content\/uploads\/2022\/06\/poze-iulian-panescu-6-scaled.jpg","type":"image\/jpeg"}],"twitter_card":"summary_large_image","twitter_misc":{"Estimated reading time":"1 minute"},"schema":{"@context":"https:\/\/schema.org","@graph":[{"@type":"WebPage","@id":"https:\/\/ghizimontani.org\/ghizi-montani-atestati\/","url":"https:\/\/ghizimontani.org\/ghizi-montani-atestati\/","name":"Lista ghizi atesta\u021bi \u00een Rom\u00e2nia - Societatea Ghizilor \u0219i Liderilor Montani | UIMLA","isPartOf":{"@id":"https:\/\/ghizimontani.org\/#website"},"primaryImageOfPage":{"@id":"https:\/\/ghizimontani.org\/ghizi-montani-atestati\/#primaryimage"},"image":{"@id":"https:\/\/ghizimontani.org\/ghizi-montani-atestati\/#primaryimage"},"thumbnailUrl":"https:\/\/ghizimontani.org\/wp-content\/uploads\/2022\/06\/poze-iulian-panescu-6-scaled.jpg","datePublished":"2016-05-30T11:07:30+00:00","dateModified":"2023-02-15T15:54:48+00:00","description":"Lista ghizilor montani atestati \u00een Rom\u00e2nia este disponibil\u0103 pe site-ul Ministerului Antreprenoriatului \u0219i Turismului.","breadcrumb":{"@id":"https:\/\/ghizimontani.org\/ghizi-montani-atestati\/#breadcrumb"},"inLanguage":"en-GB","potentialAction":[{"@type":"ReadAction","target":["https:\/\/ghizimontani.org\/ghizi-montani-atestati\/"]}]},{"@type":"ImageObject","inLanguage":"en-GB","@id":"https:\/\/ghizimontani.org\/ghizi-montani-atestati\/#primaryimage","url":"https:\/\/ghizimontani.org\/wp-content\/uploads\/2022\/06\/poze-iulian-panescu-6-scaled.jpg","contentUrl":"https:\/\/ghizimontani.org\/wp-content\/uploads\/2022\/06\/poze-iulian-panescu-6-scaled.jpg","width":2560,"height":1700,"caption":"societatea ghizilor si liderilor montani"},{"@type":"BreadcrumbList","@id":"https:\/\/ghizimontani.org\/ghizi-montani-atestati\/#breadcrumb","itemListElement":[{"@type":"ListItem","position":1,"name":"Home","item":"https:\/\/ghizimontani.org\/"},{"@type":"ListItem","position":2,"name":"Lista ghizi atesta\u021bi \u00een Rom\u00e2nia"}]},{"@type":"WebSite","@id":"https:\/\/ghizimontani.org\/#website","url":"https:\/\/ghizimontani.org\/","name":"The Society of Mountain Guides and Leaders | UIMLA","description":"The Society of Mountain Guides and Leaders (SGLM)","publisher":{"@id":"https:\/\/ghizimontani.org\/#organization"},"potentialAction":[{"@type":"SearchAction","target":{"@type":"EntryPoint","urlTemplate":"https:\/\/ghizimontani.org\/?s={search_term_string}"},"query-input":{"@type":"PropertyValueSpecification","valueRequired":true,"valueName":"search_term_string"}}],"inLanguage":"en-GB"},{"@type":"Organization","@id":"https:\/\/ghizimontani.org\/#organization","name":"The Society of Mountain Guides and Leaders (SGLM)","url":"https:\/\/ghizimontani.org\/","logo":{"@type":"ImageObject","inLanguage":"en-GB","@id":"https:\/\/ghizimontani.org\/#\/schema\/logo\/image\/","url":"https:\/\/ghizimontani.org\/wp-content\/uploads\/2022\/06\/SGLM_transparent.png","contentUrl":"https:\/\/ghizimontani.org\/wp-content\/uploads\/2022\/06\/SGLM_transparent.png","width":977,"height":766,"caption":"Societatea Ghizilor \u0219i Liderilor Montani"},"image":{"@id":"https:\/\/ghizimontani.org\/#\/schema\/logo\/image\/"},"sameAs":["https:\/\/www.facebook.com\/Societatea-Ghizilor-i-Liderilor-Montani-225472330976954"]}]}},"_links":{"self":[{"href":"http:\/\/ghizimontani.org\/en\/wp-json\/wp\/v2\/pages\/346","targetHints":{"allow":["GET"]}}],"collection":[{"href":"http:\/\/ghizimontani.org\/en\/wp-json\/wp\/v2\/pages"}],"about":[{"href":"http:\/\/ghizimontani.org\/en\/wp-json\/wp\/v2\/types\/page"}],"author":[{"embeddable":true,"href":"http:\/\/ghizimontani.org\/en\/wp-json\/wp\/v2\/users\/3"}],"replies":[{"embeddable":true,"href":"http:\/\/ghizimontani.org\/en\/wp-json\/wp\/v2\/comments?post=346"}],"version-history":[{"count":3,"href":"http:\/\/ghizimontani.org\/en\/wp-json\/wp\/v2\/pages\/346\/revisions"}],"predecessor-version":[{"id":3443,"href":"http:\/\/ghizimontani.org\/en\/wp-json\/wp\/v2\/pages\/346\/revisions\/3443"}],"wp:featuredmedia":[{"embeddable":true,"href":"http:\/\/ghizimontani.org\/en\/wp-json\/wp\/v2\/media\/2153"}],"wp:attachment":[{"href":"http:\/\/ghizimontani.org\/en\/wp-json\/wp\/v2\/media?parent=346"}],"curies":[{"name":"wp","href":"https:\/\/api.w.org\/{rel}","templated":true}]}}